{"id":192,"date":"2024-10-24T11:32:12","date_gmt":"2024-10-24T11:32:12","guid":{"rendered":"https:\/\/www.andaluciacircuit.com\/?page_id=192"},"modified":"2024-11-25T14:58:50","modified_gmt":"2024-11-25T14:58:50","slug":"the-circuit","status":"publish","type":"page","link":"https:\/\/andaluciacircuit.com\/de\/die-strecke\/","title":{"rendered":"Die Rennstrecke"},"content":{"rendered":"<section class=\"hero-section section section-height-auto\">\n\n    <div class=\"section-inner page-title\">\n\n        <div class=\"wrapper do-anim\">\n\n                        \n    <span class=\"h6 superline align-center\">\n                    Details zur Rennstrecke            <\/span>\n                \n    <h1 class=\"h1 align-center\">\n                    Die Rennstrecke            <\/h1>\n                \n            \n        <\/div>\n\n    <\/div>\n\n    \n<div class=\"fs-bg\">\n    <div class=\"fs-bg-el phat-parallax has-overlay overlay-full\">\n        <img class=\"fs-image\" src=\"https:\/\/andaluciacircuit.com\/wp-content\/uploads\/2024\/10\/header-andalucia-circuit-racing-track.webp\" srcset=\"https:\/\/andaluciacircuit.com\/wp-content\/uploads\/2024\/10\/header-andalucia-circuit-racing-track.webp 1680w, https:\/\/andaluciacircuit.com\/wp-content\/uploads\/2024\/10\/header-andalucia-circuit-racing-track-1440x613.webp 1440w, https:\/\/andaluciacircuit.com\/wp-content\/uploads\/2024\/10\/header-andalucia-circuit-racing-track-1024x436.webp 1024w, https:\/\/andaluciacircuit.com\/wp-content\/uploads\/2024\/10\/header-andalucia-circuit-racing-track-768x327.webp 768w, https:\/\/andaluciacircuit.com\/wp-content\/uploads\/2024\/10\/header-andalucia-circuit-racing-track-512x218.webp 512w\"  width=\"1920\" height=\"817\" alt=\"header-andalucia-rennstrecke\" decoding=\"async\" loading=\"lazy\" >    <\/div>\n        <\/div>\n\n    \n<\/section>\n\n\n\n\n<section class=\"text-media-section section text-dark\">\n\n    <div class=\"section-inner\">\n\n        <div class=\"wrapper\">\n\n            <div class=\"grid-row\">\n\n                <div class=\"col-s2e11 do-anim\">                    \n                    <div class=\"fs-grid fs-grid-justify-center grid-infoboxes grid-infoboxes-large fs-grid-col-6\">\n        <div class=\"grid-item infobox-item align-center\">\n                        <div class=\"infobox-title h3 colored\">5020 m<\/div>        <p class=\"infobox-text colored\">Gesamtl\u00e4nge<\/p>            <\/div>\n        <div class=\"grid-item infobox-item align-center\">\n                        <div class=\"infobox-title h3 colored\">12 m<\/div>        <p class=\"infobox-text colored\">Breite<\/p>            <\/div>\n        <div class=\"grid-item infobox-item align-center\">\n                        <div class=\"infobox-title h3 colored\">17<\/div>        <p class=\"infobox-text colored\">Kurven<\/p>            <\/div>\n        <div class=\"grid-item infobox-item align-center\">\n                        <div class=\"infobox-title h3 colored\">8000m<\/div>        <p class=\"infobox-text colored\">Paddock<\/p>            <\/div>\n        <div class=\"grid-item infobox-item align-center\">\n                        <div class=\"infobox-title h3 colored\">32<\/div>        <p class=\"infobox-text colored\">Boxen<\/p>            <\/div>\n    <\/div>\n\n<div class=\"fs-spacer-large\"><\/div>\n    <h3 class=\"h3 align-center\">\n                    DER ORT IN EUROPA\nMIT DEN MEISTEN SONNENSTUNDEN\nUND DEN WENIGSTEN NIEDERSCHL\u00c4GEN IM JAHR            <\/h3>\n<p style=\"text-align: center;\">Unsere 5-Kilometer-Runde, ANDALUCIA CIRCUIT, befindet sich in Tabernas,<br \/>\nzwischen atemberaubenden Bergen und lokalen Olivenplantagen.<br \/>\nMit 9 Rechtskurven und 8 Linkskurven und H\u00f6henunterschieden in jeder Runde sind wir ber\u00fchmt f\u00fcr die Herausforderung, die Andalucia Circuit darstellt. Jede Runde wird Sie mit Steigungen und Gef\u00e4llen und der l\u00e4ngsten Gerade aller Rennstrecken in Spanien mit einer Gesamtl\u00e4nge von 1.060 Metern auf die Probe stellen.<\/p>\n<p style=\"text-align: center;\"><strong>FLUGH\u00c4FEN IN DER UMGEBUNG:<\/strong><br \/>\nAlmeria: 30 Minuten<br \/>\nMurcia: 90 Minuten<br \/>\nAlicante: 120 Minuten<br \/>\nMalaga: 140 Minuten<\/p>\n<p style=\"text-align: center;\">Von September bis Mai eignet sich der Circuit perfekt f\u00fcr Tests, Fahrtage und Produkteinf\u00fchrungen. MotoGP,\nLe Mans, Formel-Teams, Reifenhersteller, WEC, DTM, WTCC und WSDK \u2013 sie alle entscheiden sich f\u00fcr den Andalucia Circuit \u2013, um Spa\u00df zu haben, f\u00fcr Tests und als perfekte Umgebung f\u00fcr Veranstaltungen.<\/p>\n<p style=\"text-align: center;\"><strong>BLAUER HIMMEL UND NAHEZU DAS GANZE JAHR \u00dcBER TROCKEN \u2013 GENAU DIE UMGEBUNG, DIE SIE SUCHEN.<\/strong><\/p>\n<p style=\"text-align: center;\">Wenn Sie einmal auf unserer Rennstrecke gefahren sind, verstehen Sie, warum alle immer wieder hierher kommen.<br \/>\n<strong>Auf dem Andalucia Circuit scheint immer die Sonne!<\/strong><\/p>\n \n                <\/div>\n\n                                \n            <\/div>\n\n        <\/div>\n\n    <\/div>\n\n    \n<div class=\"fs-bg fs-bg-color\">\n    <div class=\"fs-bg-el fs-bg-el-white\">\n            <\/div>\n        <\/div>\n\n    \n    \n<div class=\"fs-bg-flag fs-bg-flag-top-right\">    \n    <img src=\"https:\/\/andaluciacircuit.com\/wp-content\/themes\/fstheme\/assets\/img\/flag.png\" decoding=\"async\" loading=\"lazy\">\n<\/div>\n\n<\/section>\n\n\n\n\n\n\n\n\n\n<section class=\"carousel-section section text-dark no-top-spacing no-bottom-spacing sectionoverlap\">\n\n    <div class=\"section-inner\">\n\n        <div class=\"wrapper\">\n\n            <div class=\"grid-row\">\n                <div class=\"col-s1e8\">\n\n                                                                                \n                <\/div>\n\n                <div class=\"col-s9e12 align-right pseudo-pagination-col\">\n                    <div class=\"pseudo-pagination pseudo-pagination-slider\">\n                        <a class=\"btn only-icon pseudo-prev is-disabled\" href=\"#\" target=\"_self\">\n                            <span class=\"btn-icon on-hover\"><?xml version=\"1.0\" encoding=\"UTF-8\"?>\n<svg xmlns=\"http:\/\/www.w3.org\/2000\/svg\" version=\"1.1\" viewbox=\"0 0 256 256\" fill=\"currentColor\" >\n  <polygon points=\"254.4 128.3 190.6 64.5 190.6 121.8 1.6 121.8 1.6 136.2 190.6 136.2 190.6 191.5 254.4 128.3\"\/>\n<\/svg><\/span>\n                            <span class=\"btn-icon\"><?xml version=\"1.0\" encoding=\"UTF-8\"?>\n<svg xmlns=\"http:\/\/www.w3.org\/2000\/svg\" version=\"1.1\" viewbox=\"0 0 256 256\" fill=\"currentColor\" >\n  <polygon points=\"254.4 128.3 190.6 64.5 190.6 121.8 1.6 121.8 1.6 136.2 190.6 136.2 190.6 191.5 254.4 128.3\"\/>\n<\/svg><\/span>\n                        <\/a>\n                        <a class=\"btn only-icon pseudo-next\" href=\"#\" target=\"_self\">\n                            <span class=\"btn-icon on-hover\"><?xml version=\"1.0\" encoding=\"UTF-8\"?>\n<svg xmlns=\"http:\/\/www.w3.org\/2000\/svg\" version=\"1.1\" viewbox=\"0 0 256 256\" fill=\"currentColor\" >\n  <polygon points=\"254.4 128.3 190.6 64.5 190.6 121.8 1.6 121.8 1.6 136.2 190.6 136.2 190.6 191.5 254.4 128.3\"\/>\n<\/svg><\/span>\n                            <span class=\"btn-icon\"><?xml version=\"1.0\" encoding=\"UTF-8\"?>\n<svg xmlns=\"http:\/\/www.w3.org\/2000\/svg\" version=\"1.1\" viewbox=\"0 0 256 256\" fill=\"currentColor\" >\n  <polygon points=\"254.4 128.3 190.6 64.5 190.6 121.8 1.6 121.8 1.6 136.2 190.6 136.2 190.6 191.5 254.4 128.3\"\/>\n<\/svg><\/span>\n                        <\/a>\n                    <\/div>\n                <\/div>   \n\n             <\/div>\n\n          \n            <div class=\"grid-row grid-row-slider\">\n                <div class=\"col-s1e12 fs-grid fs-grid-col-3 fs-grid-slider\">\n                                            <div class=\"grid-item carousel-item\" style=\"--item-index: 1;\">\n                            \n\n<div class=\"fs-media fs-media-ratio-7-8 rounded-corners do-anim\">\n    <div class=\"fs-media-item\">\n        <div class=\"fs-media-item-inner\">\n            <img class=\"fs-image\" src=\"https:\/\/andaluciacircuit.com\/wp-content\/uploads\/2024\/10\/01-andalucia-circuit-facilities-768x581.webp\" srcset=\"https:\/\/andaluciacircuit.com\/wp-content\/uploads\/2024\/10\/01-andalucia-circuit-facilities-768x581.webp 768w, https:\/\/andaluciacircuit.com\/wp-content\/uploads\/2024\/10\/01-andalucia-circuit-facilities-512x387.webp 512w\"  width=\"768\" height=\"581\" alt=\"01-andalucia-schaltungen-einrichtungen\" decoding=\"async\" loading=\"lazy\" >        <\/div>\n    <\/div>\n<\/div>\n\n                        <\/div>\n                                            <div class=\"grid-item carousel-item\" style=\"--item-index: 2;\">\n                            \n\n<div class=\"fs-media fs-media-ratio-7-8 rounded-corners do-anim\">\n    <div class=\"fs-media-item\">\n        <div class=\"fs-media-item-inner\">\n            <img class=\"fs-image\" src=\"https:\/\/andaluciacircuit.com\/wp-content\/uploads\/2024\/10\/02-andalucia-circuit-track-768x581.webp\" srcset=\"https:\/\/andaluciacircuit.com\/wp-content\/uploads\/2024\/10\/02-andalucia-circuit-track-768x581.webp 768w, https:\/\/andaluciacircuit.com\/wp-content\/uploads\/2024\/10\/02-andalucia-circuit-track-512x387.webp 512w\"  width=\"768\" height=\"581\" alt=\"02-andalucia-kreislauf-gleis\" decoding=\"async\" loading=\"lazy\" >        <\/div>\n    <\/div>\n<\/div>\n\n                        <\/div>\n                                            <div class=\"grid-item carousel-item\" style=\"--item-index: 3;\">\n                            \n\n<div class=\"fs-media fs-media-ratio-7-8 rounded-corners do-anim\">\n    <div class=\"fs-media-item\">\n        <div class=\"fs-media-item-inner\">\n            <img class=\"fs-image\" src=\"https:\/\/andaluciacircuit.com\/wp-content\/uploads\/2024\/10\/03-andalucia-circuit-track-768x581.webp\" srcset=\"https:\/\/andaluciacircuit.com\/wp-content\/uploads\/2024\/10\/03-andalucia-circuit-track-768x581.webp 768w, https:\/\/andaluciacircuit.com\/wp-content\/uploads\/2024\/10\/03-andalucia-circuit-track-512x387.webp 512w\"  width=\"768\" height=\"581\" alt=\"03-andalusien-kreislauf-strecke\" decoding=\"async\" loading=\"lazy\" >        <\/div>\n    <\/div>\n<\/div>\n\n                        <\/div>\n                                            <div class=\"grid-item carousel-item\" style=\"--item-index: 4;\">\n                            \n\n<div class=\"fs-media fs-media-ratio-7-8 rounded-corners do-anim\">\n    <div class=\"fs-media-item\">\n        <div class=\"fs-media-item-inner\">\n            <img class=\"fs-image\" src=\"https:\/\/andaluciacircuit.com\/wp-content\/uploads\/2024\/10\/04-andalucia-circuit-track-768x575.webp\" srcset=\"https:\/\/andaluciacircuit.com\/wp-content\/uploads\/2024\/10\/04-andalucia-circuit-track-768x575.webp 768w, https:\/\/andaluciacircuit.com\/wp-content\/uploads\/2024\/10\/04-andalucia-circuit-track-512x384.webp 512w\"  width=\"768\" height=\"575\" alt=\"04-andalucia-kreislauf-gleis\" decoding=\"async\" loading=\"lazy\" >        <\/div>\n    <\/div>\n<\/div>\n\n                        <\/div>\n                                    <\/div>\n            <\/div> \n\n        <\/div>\n    <\/div>\n\n    \n<div class=\"fs-bg fs-bg-color\">\n    <div class=\"fs-bg-el fs-bg-el-white\">\n            <\/div>\n        <\/div>\n\n    \n    \n<\/section>\n\n\n\n\n<section class=\"text-media-section section\">\n\n    <div class=\"section-inner\">\n\n        <div class=\"wrapper\">\n\n            <div class=\"grid-row\">\n\n                <div class=\"col-s3e10\">                    \n                    \n    <h3 class=\"h3 align-center translation-block\">Verschiedene Streckenlayouts <br>\nf\u00fcr Ihre Bed\u00fcrfnisse<\/h3>\n\n\n<div class=\"fs-media fs-media-ratio-auto rounded-corners do-anim\">\n    <div class=\"fs-media-item\">\n        <div class=\"fs-media-item-inner\">\n            <img class=\"fs-image\" src=\"https:\/\/andaluciacircuit.com\/wp-content\/uploads\/2024\/10\/andalucia-circuit-layouts-1024x670.webp\" srcset=\"https:\/\/andaluciacircuit.com\/wp-content\/uploads\/2024\/10\/andalucia-circuit-layouts-1024x670.webp 1024w, https:\/\/andaluciacircuit.com\/wp-content\/uploads\/2024\/10\/andalucia-circuit-layouts-768x503.webp 768w, https:\/\/andaluciacircuit.com\/wp-content\/uploads\/2024\/10\/andalucia-circuit-layouts-512x335.webp 512w\"  width=\"1024\" height=\"670\" alt=\"andalusien-schaltungen-layouts\" decoding=\"async\" loading=\"lazy\" >        <\/div>\n    <\/div>\n<\/div>\n\n \n                <\/div>\n\n                                \n            <\/div>\n\n        <\/div>\n\n    <\/div>\n\n    \n    \n    \n<\/section>\n\n\n\n\n\n\n\n\n\n<section class=\"text-media-section section text-dark\">\n\n    <div class=\"section-inner\">\n\n        <div class=\"wrapper\">\n\n            <div class=\"grid-row\">\n\n                <div class=\"col-s1e12 do-anim\">                    \n                    \n    <h3 class=\"h3 align-center\">\n                    HIER FINDEN SIE ALLES, WAS SIE BRAUCHEN!            <\/h3>\n<div class=\"fs-grid fs-grid-justify-center grid-infoboxes grid-infoboxes-default fs-grid-col-6\">\n        <div class=\"grid-item infobox-item align-center\">\n        <span class=\"infobox-icon\"><?xml version=\"1.0\" encoding=\"UTF-8\"?>\n<svg id=\"Ebene_1\" data-name=\"Ebene 1\" xmlns=\"http:\/\/www.w3.org\/2000\/svg\" version=\"1.1\" viewbox=\"0 0 255.1 255.1\" fill=\"currentColor\">\n  <path d=\"M104.6,152.4c20.7-20.7,41-41.1,61.3-61.5,12.5-12.5,24.9-25,37.5-37.4,10.3-10.1,24.1-10.7,33.5-1.6,9.9,9.6,10.3,23.8,0,34.2-38.3,38.6-76.7,77.1-115.2,115.3-11.2,11.1-24,10.9-35.4-.3-22.8-22.5-45.5-45.2-68-68-9.8-9.9-10-24.6-1.1-33.7,9-9.3,24.3-9.2,34.4.7,17.5,17,34.7,34.3,53,52.3Z\"\/>\n<\/svg><\/span>                <div class=\"infobox-title\">RESTAURANT<\/div>                    <\/div>\n        <div class=\"grid-item infobox-item align-center\">\n        <span class=\"infobox-icon\"><?xml version=\"1.0\" encoding=\"UTF-8\"?>\n<svg id=\"Ebene_1\" data-name=\"Ebene 1\" xmlns=\"http:\/\/www.w3.org\/2000\/svg\" version=\"1.1\" viewbox=\"0 0 255.1 255.1\" fill=\"currentColor\">\n  <path d=\"M104.6,152.4c20.7-20.7,41-41.1,61.3-61.5,12.5-12.5,24.9-25,37.5-37.4,10.3-10.1,24.1-10.7,33.5-1.6,9.9,9.6,10.3,23.8,0,34.2-38.3,38.6-76.7,77.1-115.2,115.3-11.2,11.1-24,10.9-35.4-.3-22.8-22.5-45.5-45.2-68-68-9.8-9.9-10-24.6-1.1-33.7,9-9.3,24.3-9.2,34.4.7,17.5,17,34.7,34.3,53,52.3Z\"\/>\n<\/svg><\/span>                <div class=\"infobox-title\">Presseraum<\/div>                    <\/div>\n        <div class=\"grid-item infobox-item align-center\">\n        <span class=\"infobox-icon\"><?xml version=\"1.0\" encoding=\"UTF-8\"?>\n<svg id=\"Ebene_1\" data-name=\"Ebene 1\" xmlns=\"http:\/\/www.w3.org\/2000\/svg\" version=\"1.1\" viewbox=\"0 0 255.1 255.1\" fill=\"currentColor\">\n  <path d=\"M104.6,152.4c20.7-20.7,41-41.1,61.3-61.5,12.5-12.5,24.9-25,37.5-37.4,10.3-10.1,24.1-10.7,33.5-1.6,9.9,9.6,10.3,23.8,0,34.2-38.3,38.6-76.7,77.1-115.2,115.3-11.2,11.1-24,10.9-35.4-.3-22.8-22.5-45.5-45.2-68-68-9.8-9.9-10-24.6-1.1-33.7,9-9.3,24.3-9.2,34.4.7,17.5,17,34.7,34.3,53,52.3Z\"\/>\n<\/svg><\/span>                <div class=\"infobox-title\">Krankenhaus<\/div>                    <\/div>\n        <div class=\"grid-item infobox-item align-center\">\n        <span class=\"infobox-icon\"><?xml version=\"1.0\" encoding=\"UTF-8\"?>\n<svg id=\"Ebene_1\" data-name=\"Ebene 1\" xmlns=\"http:\/\/www.w3.org\/2000\/svg\" version=\"1.1\" viewbox=\"0 0 255.1 255.1\" fill=\"currentColor\">\n  <path d=\"M104.6,152.4c20.7-20.7,41-41.1,61.3-61.5,12.5-12.5,24.9-25,37.5-37.4,10.3-10.1,24.1-10.7,33.5-1.6,9.9,9.6,10.3,23.8,0,34.2-38.3,38.6-76.7,77.1-115.2,115.3-11.2,11.1-24,10.9-35.4-.3-22.8-22.5-45.5-45.2-68-68-9.8-9.9-10-24.6-1.1-33.7,9-9.3,24.3-9.2,34.4.7,17.5,17,34.7,34.3,53,52.3Z\"\/>\n<\/svg><\/span>                <div class=\"infobox-title\">Kontrollturm<\/div>                    <\/div>\n        <div class=\"grid-item infobox-item align-center\">\n        <span class=\"infobox-icon\"><?xml version=\"1.0\" encoding=\"UTF-8\"?>\n<svg id=\"Ebene_1\" data-name=\"Ebene 1\" xmlns=\"http:\/\/www.w3.org\/2000\/svg\" version=\"1.1\" viewbox=\"0 0 255.1 255.1\" fill=\"currentColor\">\n  <path d=\"M104.6,152.4c20.7-20.7,41-41.1,61.3-61.5,12.5-12.5,24.9-25,37.5-37.4,10.3-10.1,24.1-10.7,33.5-1.6,9.9,9.6,10.3,23.8,0,34.2-38.3,38.6-76.7,77.1-115.2,115.3-11.2,11.1-24,10.9-35.4-.3-22.8-22.5-45.5-45.2-68-68-9.8-9.9-10-24.6-1.1-33.7,9-9.3,24.3-9.2,34.4.7,17.5,17,34.7,34.3,53,52.3Z\"\/>\n<\/svg><\/span>                <div class=\"infobox-title\">B\u00fcros<\/div>                    <\/div>\n    <\/div>\n\n \n                <\/div>\n\n                                \n            <\/div>\n\n        <\/div>\n\n    <\/div>\n\n    \n<div class=\"fs-bg fs-bg-color\">\n    <div class=\"fs-bg-el fs-bg-el-white\">\n            <\/div>\n        <\/div>\n\n    \n    \n<\/section>","protected":false},"excerpt":{"rendered":"","protected":false},"author":1,"featured_media":0,"parent":0,"menu_order":0,"comment_status":"closed","ping_status":"closed","template":"","meta":{"footnotes":""},"class_list":["post-192","page","type-page","status-publish","hentry"],"acf":[],"_links":{"self":[{"href":"https:\/\/andaluciacircuit.com\/de\/wp-json\/wp\/v2\/pages\/192","targetHints":{"allow":["GET"]}}],"collection":[{"href":"https:\/\/andaluciacircuit.com\/de\/wp-json\/wp\/v2\/pages"}],"about":[{"href":"https:\/\/andaluciacircuit.com\/de\/wp-json\/wp\/v2\/types\/page"}],"author":[{"embeddable":true,"href":"https:\/\/andaluciacircuit.com\/de\/wp-json\/wp\/v2\/users\/1"}],"replies":[{"embeddable":true,"href":"https:\/\/andaluciacircuit.com\/de\/wp-json\/wp\/v2\/comments?post=192"}],"version-history":[{"count":39,"href":"https:\/\/andaluciacircuit.com\/de\/wp-json\/wp\/v2\/pages\/192\/revisions"}],"predecessor-version":[{"id":849,"href":"https:\/\/andaluciacircuit.com\/de\/wp-json\/wp\/v2\/pages\/192\/revisions\/849"}],"wp:attachment":[{"href":"https:\/\/andaluciacircuit.com\/de\/wp-json\/wp\/v2\/media?parent=192"}],"curies":[{"name":"wp","href":"https:\/\/api.w.org\/{rel}","templated":true}]}}