{"id":196,"date":"2024-10-24T11:32:52","date_gmt":"2024-10-24T11:32:52","guid":{"rendered":"https:\/\/www.andaluciacircuit.com\/?page_id=196"},"modified":"2024-11-07T09:30:57","modified_gmt":"2024-11-07T09:30:57","slug":"track-hire","status":"publish","type":"page","link":"https:\/\/andaluciacircuit.com\/de\/streck-mieten\/","title":{"rendered":"Die Strecke mieten"},"content":{"rendered":"<section class=\"hero-section section section-height-auto\">\n\n    <div class=\"section-inner page-title\">\n\n        <div class=\"wrapper do-anim\">\n\n                        \n    <span class=\"h6 superline align-center\">\n                    F\u00dcR UNTERNEHMEN            <\/span>\n                \n    <h1 class=\"h1 align-center\">\n                    Mieten Sie die Strecke            <\/h1>\n                \n            \n        <\/div>\n\n    <\/div>\n\n    \n<div class=\"fs-bg\">\n    <div class=\"fs-bg-el phat-parallax has-overlay overlay-full\">\n        <img class=\"fs-image\" src=\"https:\/\/andaluciacircuit.com\/wp-content\/uploads\/2024\/11\/header-andalucia-circuit-track.webp\" srcset=\"https:\/\/andaluciacircuit.com\/wp-content\/uploads\/2024\/11\/header-andalucia-circuit-track.webp 1680w, https:\/\/andaluciacircuit.com\/wp-content\/uploads\/2024\/11\/header-andalucia-circuit-track.webp 1440w, https:\/\/andaluciacircuit.com\/wp-content\/uploads\/2024\/11\/header-andalucia-circuit-track-1024x394.webp 1024w, https:\/\/andaluciacircuit.com\/wp-content\/uploads\/2024\/11\/header-andalucia-circuit-track-768x296.webp 768w, https:\/\/andaluciacircuit.com\/wp-content\/uploads\/2024\/11\/header-andalucia-circuit-track-512x197.webp 512w\"  width=\"1226\" height=\"472\" alt=\"_header-andalucia-kreislauf-track\" decoding=\"async\" loading=\"lazy\" >    <\/div>\n        <\/div>\n\n    \n<\/section>\n\n\n\n\n<section class=\"text-media-section section text-dark no-top-spacing no-bottom-spacing\">\n\n    <div class=\"section-inner\">\n\n        <div class=\"wrapper\">\n\n            <div class=\"grid-row justify-bottom\">\n\n                <div class=\"col-s8e12 pos-2 pos-sm-1 colpadding\">                    \n                    \n    <h2 class=\"h4 align-left\">\n                    Ben\u00f6tigen Sie eine Strecke f\u00fcr ein privates Rennen oder Trackdays?<br \/>\r\nOder ein Ort f\u00fcr Werbung oder Fotoshootings?            <\/h2>\n<p>Wir haben mehrere Alternativen in Bezug auf die Szenarien am selben Ort:\nAsphaltstrecke, Berge, unbefestigte Stra\u00dfen, Asphaltpiste etc.\nWir bieten unseren Kunden auch Lagerhallen f\u00fcr die Lagerung von Fahrzeugen w\u00e4hrend der Drehtage, \u00fcberwachte Bereiche f\u00fcr Aufnahmeger\u00e4te und\nB\u00fcros mit Internetanschluss<\/p>\n<p>Die Rennstrecke in Andalusien kann auf Anfrage vom 1. Januar bis zum\n31. Dezember tags\u00fcber oder am Abend (je nach Kalender) gemietet werden.<\/p>\n<p class=\"p-btn align-left\">\n<a class=\"btn  btn-normal\" href=\"https:\/\/andaluciacircuit.com\/de\/kontakt\/\" target=\"\" >\n        <span class=\"btn-icon on-hover\"><?xml version=\"1.0\" encoding=\"UTF-8\"?>\n<svg xmlns=\"http:\/\/www.w3.org\/2000\/svg\" version=\"1.1\" viewbox=\"0 0 231.8 89.5\" fill=\"currentColor\" >\n  <polygon points=\"228.8 44.5 200.3 16 200.3 41.6 3 41.6 3 48 200.3 48 200.3 72.7 228.8 44.5\"\/>\n<\/svg><\/span>\n        <span class=\"btn-text\">\n        <span>Jetzt anfragen<\/span>\n    <\/span>\n        <span class=\"btn-icon\"><?xml version=\"1.0\" encoding=\"UTF-8\"?>\n<svg xmlns=\"http:\/\/www.w3.org\/2000\/svg\" version=\"1.1\" viewbox=\"0 0 231.8 89.5\" fill=\"currentColor\" >\n  <polygon points=\"228.8 44.5 200.3 16 200.3 41.6 3 41.6 3 48 200.3 48 200.3 72.7 228.8 44.5\"\/>\n<\/svg><\/span>\n    <\/a><\/p> \n                <\/div>\n\n                                <div class=\"col-s1e7 pos-1 pos-sm-2 coloverlap\">\n\n                    \n    <div class=\"fs-slider-container\">\n        <div class=\"fs-slider\">\n                        <div class=\"slider-item\">\n                \n\n<div class=\"fs-media fs-media-ratio-1-1 rounded-corners\">\n    <div class=\"fs-media-item\">\n        <div class=\"fs-media-item-inner\">\n            <img class=\"fs-image\" src=\"https:\/\/andaluciacircuit.com\/wp-content\/uploads\/2024\/10\/04-andalucia-circuit-track-768x575.webp\" srcset=\"https:\/\/andaluciacircuit.com\/wp-content\/uploads\/2024\/10\/04-andalucia-circuit-track-768x575.webp 768w, https:\/\/andaluciacircuit.com\/wp-content\/uploads\/2024\/10\/04-andalucia-circuit-track-512x384.webp 512w\"  width=\"768\" height=\"575\" alt=\"04-andalucia-kreislauf-gleis\" decoding=\"async\" loading=\"lazy\" >        <\/div>\n    <\/div>\n<\/div>\n\n            <\/div>\n                        <div class=\"slider-item\">\n                \n\n<div class=\"fs-media fs-media-ratio-1-1 rounded-corners\">\n    <div class=\"fs-media-item\">\n        <div class=\"fs-media-item-inner\">\n            <img class=\"fs-image\" src=\"https:\/\/andaluciacircuit.com\/wp-content\/uploads\/2024\/10\/07-andalucia-circuit-track-768x543.webp\" srcset=\"https:\/\/andaluciacircuit.com\/wp-content\/uploads\/2024\/10\/07-andalucia-circuit-track-768x543.webp 768w, https:\/\/andaluciacircuit.com\/wp-content\/uploads\/2024\/10\/07-andalucia-circuit-track-512x362.webp 512w\"  width=\"768\" height=\"543\" alt=\"07-andalusien-kreislauf-strecke\" decoding=\"async\" loading=\"lazy\" >        <\/div>\n    <\/div>\n<\/div>\n\n            <\/div>\n                        <div class=\"slider-item\">\n                \n\n<div class=\"fs-media fs-media-ratio-1-1 rounded-corners\">\n    <div class=\"fs-media-item\">\n        <div class=\"fs-media-item-inner\">\n            <img class=\"fs-image\" src=\"https:\/\/andaluciacircuit.com\/wp-content\/uploads\/2024\/10\/header-andalucia-circuit-track-motosport-768x512.webp\" srcset=\"https:\/\/andaluciacircuit.com\/wp-content\/uploads\/2024\/10\/header-andalucia-circuit-track-motosport-768x512.webp 768w, https:\/\/andaluciacircuit.com\/wp-content\/uploads\/2024\/10\/header-andalucia-circuit-track-motosport-512x341.webp 512w\"  width=\"768\" height=\"512\" alt=\"kopfzeile-andalucia-kurs-strecke-motosport\" decoding=\"async\" loading=\"lazy\" >        <\/div>\n    <\/div>\n<\/div>\n\n            <\/div>\n                        <div class=\"slider-item\">\n                \n\n<div class=\"fs-media fs-media-ratio-1-1 rounded-corners\">\n    <div class=\"fs-media-item\">\n        <div class=\"fs-media-item-inner\">\n            <img class=\"fs-image\" src=\"https:\/\/andaluciacircuit.com\/wp-content\/uploads\/2024\/11\/Home-Organise-your-event-768x581.webp\" srcset=\"https:\/\/andaluciacircuit.com\/wp-content\/uploads\/2024\/11\/Home-Organise-your-event-768x581.webp 768w, https:\/\/andaluciacircuit.com\/wp-content\/uploads\/2024\/11\/Home-Organise-your-event-512x387.webp 512w\"  width=\"768\" height=\"581\" alt=\"Startseite-Organisieren Sie Ihre Veranstaltung\" decoding=\"async\" loading=\"lazy\" >        <\/div>\n    <\/div>\n<\/div>\n\n            <\/div>\n                        <div class=\"slider-item\">\n                \n\n<div class=\"fs-media fs-media-ratio-1-1 rounded-corners\">\n    <div class=\"fs-media-item\">\n        <div class=\"fs-media-item-inner\">\n            <img class=\"fs-image\" src=\"https:\/\/andaluciacircuit.com\/wp-content\/uploads\/2024\/10\/header02_andalucia-circuit-racing-track-768x512.webp\" srcset=\"https:\/\/andaluciacircuit.com\/wp-content\/uploads\/2024\/10\/header02_andalucia-circuit-racing-track-768x512.webp 768w, https:\/\/andaluciacircuit.com\/wp-content\/uploads\/2024\/10\/header02_andalucia-circuit-racing-track-512x341.webp 512w\"  width=\"768\" height=\"512\" alt=\"_header02_andalucia-kreisbahn-rennen-strecke\" decoding=\"async\" loading=\"lazy\" >        <\/div>\n    <\/div>\n<\/div>\n\n            <\/div>\n                    <\/div>\n\n        <div class=\"pseudo-pagination pseudo-pagination-slider\">\n            <a class=\"btn only-icon pseudo-prev is-disabled\" href=\"#\" target=\"_self\">\n                <span class=\"btn-icon on-hover\"><?xml version=\"1.0\" encoding=\"UTF-8\"?>\n<svg xmlns=\"http:\/\/www.w3.org\/2000\/svg\" version=\"1.1\" viewbox=\"0 0 256 256\" fill=\"currentColor\" >\n  <polygon points=\"254.4 128.3 190.6 64.5 190.6 121.8 1.6 121.8 1.6 136.2 190.6 136.2 190.6 191.5 254.4 128.3\"\/>\n<\/svg><\/span>\n                <span class=\"btn-icon\"><?xml version=\"1.0\" encoding=\"UTF-8\"?>\n<svg xmlns=\"http:\/\/www.w3.org\/2000\/svg\" version=\"1.1\" viewbox=\"0 0 256 256\" fill=\"currentColor\" >\n  <polygon points=\"254.4 128.3 190.6 64.5 190.6 121.8 1.6 121.8 1.6 136.2 190.6 136.2 190.6 191.5 254.4 128.3\"\/>\n<\/svg><\/span>\n            <\/a>\n            <a class=\"btn only-icon pseudo-next\" href=\"#\" target=\"_self\">\n                <span class=\"btn-icon on-hover\"><?xml version=\"1.0\" encoding=\"UTF-8\"?>\n<svg xmlns=\"http:\/\/www.w3.org\/2000\/svg\" version=\"1.1\" viewbox=\"0 0 256 256\" fill=\"currentColor\" >\n  <polygon points=\"254.4 128.3 190.6 64.5 190.6 121.8 1.6 121.8 1.6 136.2 190.6 136.2 190.6 191.5 254.4 128.3\"\/>\n<\/svg><\/span>\n                <span class=\"btn-icon\"><?xml version=\"1.0\" encoding=\"UTF-8\"?>\n<svg xmlns=\"http:\/\/www.w3.org\/2000\/svg\" version=\"1.1\" viewbox=\"0 0 256 256\" fill=\"currentColor\" >\n  <polygon points=\"254.4 128.3 190.6 64.5 190.6 121.8 1.6 121.8 1.6 136.2 190.6 136.2 190.6 191.5 254.4 128.3\"\/>\n<\/svg><\/span>\n            <\/a>\n        <\/div>\n\n    <\/div>\n\n \n                    \n<div class=\"fs-text-bg width-auto position-top align-left\">\n    <div class=\"fs-text-bg-el\">\n        <div class=\"fs-text-bg-el-text char-lettering do-anim translation-block\">345 <br>\nSonnentage<\/div>    <\/div>\n<\/div>\n                <\/div>\n                                \n            <\/div>\n\n        <\/div>\n\n    <\/div>\n\n    \n<div class=\"fs-bg fs-bg-color\">\n    <div class=\"fs-bg-el fs-bg-el-white\">\n            <\/div>\n        <\/div>\n\n    \n    \n<\/section>\n\n\n\n\n\n\n\n\n\n<section class=\"text-media-section section no-bottom-spacing\">\n\n    <div class=\"section-inner\">\n\n        <div class=\"wrapper\">\n\n            <div class=\"grid-row\">\n\n                <div class=\"col-s1e6 pos-sm-1 do-anim\">                    \n                    \n    <h2 class=\"h2 align-left\">\n                    WARUM SOLLTEN SIE SICH F\u00dcR DEN\nANDALUCIA CIRCUIT ENTSCHEIDEN?            <\/h2>\n<p>Manchmal sind es die einfachsten Dinge, die schwer zu finden sind. Daher haben wir eine der Rennstrecken mit den besten Bedingungen in Europa geschaffen<\/p>\n \n                <\/div>\n\n                                <div class=\"col-s7e12 pos-sm-2\">\n\n                    \n        <div class=\"skillbar-item\">\n        <div class=\"skillbar-title superline\">Regentage<span class=\"skillbar-title-percent\">2%<\/span><\/div>\n        <div class=\"skillbar-value\" data-percent=\"2\"><\/div>\n    <\/div>\n        <div class=\"skillbar-item\">\n        <div class=\"skillbar-title superline\">Warme Tage<span class=\"skillbar-title-percent\">90%<\/span><\/div>\n        <div class=\"skillbar-value\" data-percent=\"90\"><\/div>\n    <\/div>\n        <div class=\"skillbar-item\">\n        <div class=\"skillbar-title superline\">Wiederkehrende Kunden<span class=\"skillbar-title-percent\">90%<\/span><\/div>\n        <div class=\"skillbar-value\" data-percent=\"90\"><\/div>\n    <\/div>\n        <div class=\"skillbar-item\">\n        <div class=\"skillbar-title superline\">Zufriedene Kunden<span class=\"skillbar-title-percent\">99%<\/span><\/div>\n        <div class=\"skillbar-value\" data-percent=\"99\"><\/div>\n    <\/div>\n    \n\n \n                                    <\/div>\n                                \n            <\/div>\n\n        <\/div>\n\n    <\/div>\n\n    \n    \n<div class=\"fs-text-bg width-full position-bottom-offset align-left\">\n    <div class=\"fs-text-bg-el\">\n        <div class=\"fs-text-bg-el-text char-lettering do-anim\">Race<\/div>    <\/div>\n<\/div>\n\n    \n<\/section>\n\n\n\n\n\n\n\n\n\n<section class=\"parallax-section section\">\n\n    <div class=\"section-inner\">\n    <\/div>\n\n    \n<div class=\"fs-bg\">\n    <div class=\"fs-bg-el phat-parallax\">\n        <img class=\"fs-image\" src=\"https:\/\/andaluciacircuit.com\/wp-content\/uploads\/2024\/11\/bottom-andalucia-circuit-shooting-mercedes.webp\" srcset=\"https:\/\/andaluciacircuit.com\/wp-content\/uploads\/2024\/11\/bottom-andalucia-circuit-shooting-mercedes.webp 1680w, https:\/\/andaluciacircuit.com\/wp-content\/uploads\/2024\/11\/bottom-andalucia-circuit-shooting-mercedes-1440x961.webp 1440w, https:\/\/andaluciacircuit.com\/wp-content\/uploads\/2024\/11\/bottom-andalucia-circuit-shooting-mercedes-1024x683.webp 1024w, https:\/\/andaluciacircuit.com\/wp-content\/uploads\/2024\/11\/bottom-andalucia-circuit-shooting-mercedes-768x512.webp 768w, https:\/\/andaluciacircuit.com\/wp-content\/uploads\/2024\/11\/bottom-andalucia-circuit-shooting-mercedes-512x342.webp 512w\"  width=\"1920\" height=\"1281\" alt=\"boden-und-alucia-kreislauf-schie\u00dfen-mercedes\" decoding=\"async\" loading=\"lazy\" >    <\/div>\n    <div class=\"fs-bg-gradient fs-bg-gradient-top\"><\/div>    <\/div>\n\n<\/section>","protected":false},"excerpt":{"rendered":"","protected":false},"author":1,"featured_media":0,"parent":0,"menu_order":0,"comment_status":"closed","ping_status":"closed","template":"","meta":{"footnotes":""},"class_list":["post-196","page","type-page","status-publish","hentry"],"acf":[],"_links":{"self":[{"href":"https:\/\/andaluciacircuit.com\/de\/wp-json\/wp\/v2\/pages\/196","targetHints":{"allow":["GET"]}}],"collection":[{"href":"https:\/\/andaluciacircuit.com\/de\/wp-json\/wp\/v2\/pages"}],"about":[{"href":"https:\/\/andaluciacircuit.com\/de\/wp-json\/wp\/v2\/types\/page"}],"author":[{"embeddable":true,"href":"https:\/\/andaluciacircuit.com\/de\/wp-json\/wp\/v2\/users\/1"}],"replies":[{"embeddable":true,"href":"https:\/\/andaluciacircuit.com\/de\/wp-json\/wp\/v2\/comments?post=196"}],"version-history":[{"count":19,"href":"https:\/\/andaluciacircuit.com\/de\/wp-json\/wp\/v2\/pages\/196\/revisions"}],"predecessor-version":[{"id":814,"href":"https:\/\/andaluciacircuit.com\/de\/wp-json\/wp\/v2\/pages\/196\/revisions\/814"}],"wp:attachment":[{"href":"https:\/\/andaluciacircuit.com\/de\/wp-json\/wp\/v2\/media?parent=196"}],"curies":[{"name":"wp","href":"https:\/\/api.w.org\/{rel}","templated":true}]}}