{"id":3,"date":"2024-10-24T11:19:41","date_gmt":"2024-10-24T11:19:41","guid":{"rendered":"https:\/\/www.andaluciacircuit.com\/?page_id=3"},"modified":"2024-12-03T10:59:40","modified_gmt":"2024-12-03T10:59:40","slug":"privacy-policy","status":"publish","type":"page","link":"https:\/\/andaluciacircuit.com\/de\/datenschutz\/","title":{"rendered":"Datenschutzbestimmungen"},"content":{"rendered":"<section class=\"hero-section section\">\n\n    <div class=\"section-inner page-title\">\n\n        <div class=\"wrapper do-anim\">\n\n        <div class=\"inner-wrapper- inner-wrapper-\">                                \n    <h2 class=\"h2 align-center\">\n                    Datenschutzbestimmungen            <\/h2>\n                <\/div>\n            \n        <\/div>\n\n    <\/div>\n\n    \n    \n<\/section>\n\n\n\n\n<section class=\"text-media-section section\">\n\n    <div class=\"section-inner\">\n\n        <div class=\"wrapper\">\n\n            <div class=\"grid-row\">\n\n                <div class=\"col-s1e12\">                    \n                    <h5>Erhebung und Speicherung von personenbezogenen Daten<\/h5>\n<p>Wenn Sie unsere Website besuchen, erheben wir nur die personenbezogenen Daten, die Ihr Browser an unseren Server sendet. Dies beinhaltet:<\/p>\n<ul>\n<li>IP-Adresse<\/li>\n<li>Datum und Uhrzeit der Anfrage<\/li>\n<li>Inhalt der Anfrage (spezifische Seite)<\/li>\n<li>Zugriffsstatus\/HTTP-Statuscode<\/li>\n<li>Browsertyp und -version<\/li>\n<li>Das Betriebssystem<\/li>\n<li>Referrer URL (die zuvor besuchte Seite)<\/li>\n<li>Hostname des zugreifenden Computers<\/li>\n<\/ul>\n<p>Diese Daten sind technisch notwendig, um Ihnen unsere Website anzeigen zu k\u00f6nnen und um die Stabilit\u00e4t und Sicherheit zu gew\u00e4hrleisten.<\/p>\n<h5><strong>Cookies<\/strong><\/h5>\n<p>Unsere Website verwendet Cookies. Das sind kleine Textdateien, die auf Ihrem Endger\u00e4t gespeichert werden. Einige Cookies sind notwendig, um die Funktionalit\u00e4t der Website zu gew\u00e4hrleisten, andere werden verwendet, um das Nutzerverhalten zu analysieren.<\/p>\n<p>Sie k\u00f6nnen das Setzen von Cookies jederzeit \u00fcber Ihre Browsereinstellungen verhindern oder bereits gespeicherte Cookies l\u00f6schen. Dies kann jedoch dazu f\u00fchren, dass einige Funktionen der Website eingeschr\u00e4nkt oder nicht verf\u00fcgbar sind.<\/p>\n<h5>Zweck der Datenverarbeitung<\/h5>\n<p>Wir verarbeiten Ihre Daten, um:<\/p>\n<ul>\n<li>das ordnungsgem\u00e4\u00dfe Funktionieren der Website zu gew\u00e4hrleisten<\/li>\n<li>die Benutzerfreundlichkeit unserer Website zu verbessern<\/li>\n<li>m\u00f6gliche Fehlfunktionen zu erkennen und zu beheben.<\/li>\n<\/ul>\n<h5>Daten\u00fcbertragung<\/h5>\n<p>Wir geben Ihre pers\u00f6nlichen Daten nur dann an Dritte weiter, wenn:<\/p>\n<ul>\n<li>Sie haben Ihre ausdr\u00fcckliche Zustimmung dazu gegeben,<\/li>\n<li>dies rechtlich zul\u00e4ssig und erforderlich ist (z. B. zur Erf\u00fcllung vertraglicher Verpflichtungen)<\/li>\n<li>wir gesetzlich dazu verpflichtet sind.<\/li>\n<\/ul>\n<h5>Rechte der betroffenen Personen<\/h5>\n<p>Sie haben das Recht dazu:<\/p>\n<ul>\n<li>Auskunft \u00fcber Ihre von uns verarbeiteten personenbezogenen Daten zu verlangen,<\/li>\n<li>die unverz\u00fcgliche Berichtigung der bei uns gespeicherten unrichtigen oder unvollst\u00e4ndigen personenbezogenen Daten zu verlangen<\/li>\n<li>die L\u00f6schung Ihrer bei uns gespeicherten personenbezogenen Daten zu verlangen<\/li>\n<li>die Einschr\u00e4nkung der Verarbeitung Ihrer personenbezogenen Daten zu verlangen,<\/li>\n<li>Ihre personenbezogenen Daten in einem strukturierten, allgemein gebr\u00e4uchlichen und maschinenlesbaren Format zu erhalten oder ihre \u00dcbermittlung an einen anderen f\u00fcr die Verarbeitung Verantwortlichen zu verlangen<\/li>\n<li>der Verarbeitung zu widersprechen.<\/li>\n<\/ul>\n<p>Um Ihre Rechte auszu\u00fcben, wenden Sie sich bitte an die oben genannte Adresse.<\/p>\n<h5>Sicherheit der Daten<\/h5>\n<p>Wir setzen technische und organisatorische Ma\u00dfnahmen ein, um Ihre Daten vor Manipulation, Verlust oder unberechtigtem Zugriff zu sch\u00fctzen. Diese Ma\u00dfnahmen werden entsprechend der technologischen Entwicklung regelm\u00e4\u00dfig \u00fcberpr\u00fcft und angepasst.<\/p>\n<h5>\u00c4nderungen der Datenschutzrichtlinie<\/h5>\n<p>Wir behalten uns das Recht vor, diese Datenschutzerkl\u00e4rung zu \u00e4ndern, um stets den aktuellen rechtlichen Anforderungen zu entsprechen oder um \u00c4nderungen an unseren Dienstleistungen vorzunehmen.<\/p>\n \n                <\/div>\n\n                                \n            <\/div>\n\n        <\/div>\n\n    <\/div>\n\n    \n    \n    \n<\/section>","protected":false},"excerpt":{"rendered":"","protected":false},"author":1,"featured_media":0,"parent":0,"menu_order":0,"comment_status":"closed","ping_status":"open","template":"","meta":{"footnotes":""},"class_list":["post-3","page","type-page","status-publish","hentry"],"acf":[],"_links":{"self":[{"href":"https:\/\/andaluciacircuit.com\/de\/wp-json\/wp\/v2\/pages\/3","targetHints":{"allow":["GET"]}}],"collection":[{"href":"https:\/\/andaluciacircuit.com\/de\/wp-json\/wp\/v2\/pages"}],"about":[{"href":"https:\/\/andaluciacircuit.com\/de\/wp-json\/wp\/v2\/types\/page"}],"author":[{"embeddable":true,"href":"https:\/\/andaluciacircuit.com\/de\/wp-json\/wp\/v2\/users\/1"}],"replies":[{"embeddable":true,"href":"https:\/\/andaluciacircuit.com\/de\/wp-json\/wp\/v2\/comments?post=3"}],"version-history":[{"count":8,"href":"https:\/\/andaluciacircuit.com\/de\/wp-json\/wp\/v2\/pages\/3\/revisions"}],"predecessor-version":[{"id":930,"href":"https:\/\/andaluciacircuit.com\/de\/wp-json\/wp\/v2\/pages\/3\/revisions\/930"}],"wp:attachment":[{"href":"https:\/\/andaluciacircuit.com\/de\/wp-json\/wp\/v2\/media?parent=3"}],"curies":[{"name":"wp","href":"https:\/\/api.w.org\/{rel}","templated":true}]}}