{"id":933,"date":"2024-12-03T11:11:11","date_gmt":"2024-12-03T11:11:11","guid":{"rendered":"https:\/\/andaluciacircuit.com\/?page_id=933"},"modified":"2024-12-03T12:01:01","modified_gmt":"2024-12-03T12:01:01","slug":"legal-note","status":"publish","type":"page","link":"https:\/\/andaluciacircuit.com\/de\/impressum\/","title":{"rendered":"Rechtlicher Hinweis"},"content":{"rendered":"<section class=\"hero-section section\">\n\n    <div class=\"section-inner page-title\">\n\n        <div class=\"wrapper do-anim\">\n\n        <div class=\"inner-wrapper- inner-wrapper-\">                                \n    <h1 class=\"h2 align-center\">\n                    Rechtlicher Hinweis            <\/h1>\n                <\/div>\n            \n        <\/div>\n\n    <\/div>\n\n    \n    \n<\/section>\n\n\n\n\n<section class=\"text-media-section section\">\n\n    <div class=\"section-inner\">\n\n        <div class=\"wrapper\">\n\n            <div class=\"grid-row\">\n\n                <div class=\"col-s1e12\">                    \n                    <h5>Verantwortlich f\u00fcr die Seiten und Inhalte dieser Website:<\/h5>\n<p>Olivier Muytjens<br \/>\nRue D'Aix 64<br \/>\n4850 Moresnet<\/p>\n<p>E-Mail: olivier[a]andaluciacircuit.com<\/p>\n<h5 class=\"wp-block-heading\"><strong>Webhosting \/ Rechenzentrum<\/strong><\/h5>\n<p><strong>Ionos<br \/>\n<\/strong><span class=\"BxUVEf ILfuVd\" lang=\"de\"><span class=\"hgKElc\">Elgendorfer Str. 57,<br \/>\n<\/span><\/span><span class=\"BxUVEf ILfuVd\" lang=\"de\"><span class=\"hgKElc\">56410 Montabaur<br \/>\n<\/span><\/span>Deutschland<\/p>\n<h5><strong>Urheberrecht<\/strong><\/h5>\n<p>Alle Inhalte dieser Website (Daten, Abbildungen, Bilder, Grafiken, Logos, Produktbeschreibungen usw.) sind urheberrechtlich gesch\u00fctzt. Alle Firmen- und Markennamen sowie deren Warenzeichen sind Eigentum der jeweiligen Inhaber und dienen lediglich der Identifikation und Beschreibung der Produkte.<\/p>\n<h5><strong>Haftungsausschluss<\/strong><\/h5>\n<p>Alle Informationen auf dieser Website wurden sorgf\u00e4ltig recherchiert. Dennoch haftet der Herausgeber nicht f\u00fcr die Richtigkeit der bereitgestellten Informationen. Trotz sorgf\u00e4ltiger inhaltlicher Kontrolle \u00fcbernehmen wir keine Haftung f\u00fcr die Inhalte externer Links. F\u00fcr den Inhalt der verlinkten Seiten sind ausschlie\u00dflich deren Betreiber verantwortlich. Sollten Ihnen Fehler oder unrichtige Informationen auf dieser Website auffallen, teilen Sie uns dies bitte schriftlich mit.<\/p>\n \n                <\/div>\n\n                                \n            <\/div>\n\n        <\/div>\n\n    <\/div>\n\n    \n    \n    \n<\/section>","protected":false},"excerpt":{"rendered":"","protected":false},"author":1,"featured_media":0,"parent":0,"menu_order":0,"comment_status":"closed","ping_status":"closed","template":"","meta":{"footnotes":""},"class_list":["post-933","page","type-page","status-publish","hentry"],"acf":[],"_links":{"self":[{"href":"https:\/\/andaluciacircuit.com\/de\/wp-json\/wp\/v2\/pages\/933","targetHints":{"allow":["GET"]}}],"collection":[{"href":"https:\/\/andaluciacircuit.com\/de\/wp-json\/wp\/v2\/pages"}],"about":[{"href":"https:\/\/andaluciacircuit.com\/de\/wp-json\/wp\/v2\/types\/page"}],"author":[{"embeddable":true,"href":"https:\/\/andaluciacircuit.com\/de\/wp-json\/wp\/v2\/users\/1"}],"replies":[{"embeddable":true,"href":"https:\/\/andaluciacircuit.com\/de\/wp-json\/wp\/v2\/comments?post=933"}],"version-history":[{"count":4,"href":"https:\/\/andaluciacircuit.com\/de\/wp-json\/wp\/v2\/pages\/933\/revisions"}],"predecessor-version":[{"id":938,"href":"https:\/\/andaluciacircuit.com\/de\/wp-json\/wp\/v2\/pages\/933\/revisions\/938"}],"wp:attachment":[{"href":"https:\/\/andaluciacircuit.com\/de\/wp-json\/wp\/v2\/media?parent=933"}],"curies":[{"name":"wp","href":"https:\/\/api.w.org\/{rel}","templated":true}]}}