{"id":192,"date":"2024-10-24T11:32:12","date_gmt":"2024-10-24T11:32:12","guid":{"rendered":"https:\/\/www.andaluciacircuit.com\/?page_id=192"},"modified":"2024-11-25T14:58:50","modified_gmt":"2024-11-25T14:58:50","slug":"the-circuit","status":"publish","type":"page","link":"https:\/\/andaluciacircuit.com\/es\/el-circuito\/","title":{"rendered":"El circuito"},"content":{"rendered":"<section class=\"hero-section section section-height-auto\">\n\n    <div class=\"section-inner page-title\">\n\n        <div class=\"wrapper do-anim\">\n\n                        \n    <span class=\"h6 superline align-center\">\n                    Detalles del circuito            <\/span>\n                \n    <h1 class=\"h1 align-center\">\n                    El circuito            <\/h1>\n                \n            \n        <\/div>\n\n    <\/div>\n\n    \n<div class=\"fs-bg\">\n    <div class=\"fs-bg-el phat-parallax has-overlay overlay-full\">\n        <img class=\"fs-image\" src=\"https:\/\/andaluciacircuit.com\/wp-content\/uploads\/2024\/10\/header-andalucia-circuit-racing-track.webp\" srcset=\"https:\/\/andaluciacircuit.com\/wp-content\/uploads\/2024\/10\/header-andalucia-circuit-racing-track.webp 1680w, https:\/\/andaluciacircuit.com\/wp-content\/uploads\/2024\/10\/header-andalucia-circuit-racing-track-1440x613.webp 1440w, https:\/\/andaluciacircuit.com\/wp-content\/uploads\/2024\/10\/header-andalucia-circuit-racing-track-1024x436.webp 1024w, https:\/\/andaluciacircuit.com\/wp-content\/uploads\/2024\/10\/header-andalucia-circuit-racing-track-768x327.webp 768w, https:\/\/andaluciacircuit.com\/wp-content\/uploads\/2024\/10\/header-andalucia-circuit-racing-track-512x218.webp 512w\"  width=\"1920\" height=\"817\" alt=\"cabecera-andalucia-circuito-pista-de-carreras\" decoding=\"async\" loading=\"lazy\" >    <\/div>\n        <\/div>\n\n    \n<\/section>\n\n\n\n\n<section class=\"text-media-section section text-dark\">\n\n    <div class=\"section-inner\">\n\n        <div class=\"wrapper\">\n\n            <div class=\"grid-row\">\n\n                <div class=\"col-s2e11 do-anim\">                    \n                    <div class=\"fs-grid fs-grid-justify-center grid-infoboxes grid-infoboxes-large fs-grid-col-6\">\n        <div class=\"grid-item infobox-item align-center\">\n                        <div class=\"infobox-title h3 colored\">5020m<\/div>        <p class=\"infobox-text colored\">Longitud total<\/p>            <\/div>\n        <div class=\"grid-item infobox-item align-center\">\n                        <div class=\"infobox-title h3 colored\">12m<\/div>        <p class=\"infobox-text colored\">Ancho de pista<\/p>            <\/div>\n        <div class=\"grid-item infobox-item align-center\">\n                        <div class=\"infobox-title h3 colored\">17<\/div>        <p class=\"infobox-text colored\">Curvas<\/p>            <\/div>\n        <div class=\"grid-item infobox-item align-center\">\n                        <div class=\"infobox-title h3 colored\">8000m\u00b2<\/div>        <p class=\"infobox-text colored\">Paddock<\/p>            <\/div>\n        <div class=\"grid-item infobox-item align-center\">\n                        <div class=\"infobox-title h3 colored\">32<\/div>        <p class=\"infobox-text colored\">Boxes<\/p>            <\/div>\n    <\/div>\n\n<div class=\"fs-spacer-large\"><\/div>\n    <h3 class=\"h3 align-center\">\n                    EL LUGAR DE EUROPA\nCON M\u00c1S HORAS DE SOL\nY MENOS PRECIPITACIONES AL A\u00d1O            <\/h3>\n<p style=\"text-align: center;\" class=\" translation-block\">Nuestra pista de 5\u00a0kil\u00f3metros, el CIRCUITO DE ANDALUC\u00cdA, se encuentra en Tabernas, entre impresionantes monta\u00f1as y olivares.\nCon 9\u00a0curvas a la derecha,  8\u00a0a la izquierda y cambios de rasante a lo largo de cada vuelta, somos famosos por el desaf\u00edo que representa. Cada vuelta le pondr\u00e1 a prueba con subidas, bajadas y la recta m\u00e1s larga de ESPA\u00d1A, con un total de 1060\u00a0metros.<\/p>\n<p style=\"text-align: center;\"><strong>AEROPUERTOS CERCANOS:<\/strong><br \/>\nAlmer\u00eda: 30 minutos<br \/>\nMurcia: 90 minutos<br \/>\nAlicante: 120 minutos<br \/>\nM\u00e1laga: 140 minutos<\/p>\n<p style=\"text-align: center;\">De septiembre a mayo, el Circuito es ideal para pruebas, trackdays y eventos de lanzamiento de productos. MotoGP, Le Mans, Formula Team, empresas de neum\u00e1ticos, WEC, DTM, y WSDK eligen el Circuito de Andaluc\u00eda para realizar pruebas disfrutando de un entorno perfecto.<\/p>\n<p style=\"text-align: center;\"><strong>CIELOS AZULES Y DESPEJADOS CASI TODO EL A\u00d1O: EL ENTORNO QUE NECESITA.<\/strong><\/p>\n<p style=\"text-align: center;\">Una vez que haya pilotado o montado un veh\u00edculo en nuestro circuito de carreras, comprender\u00e1 por qu\u00e9 todo el mundo acaba volviendo.<br \/>\n<strong>\u00a1En el Circuito de Andaluc\u00eda siempre brilla el sol!<\/strong><\/p>\n \n                <\/div>\n\n                                \n            <\/div>\n\n        <\/div>\n\n    <\/div>\n\n    \n<div class=\"fs-bg fs-bg-color\">\n    <div class=\"fs-bg-el fs-bg-el-white\">\n            <\/div>\n        <\/div>\n\n    \n    \n<div class=\"fs-bg-flag fs-bg-flag-top-right\">    \n    <img src=\"https:\/\/andaluciacircuit.com\/wp-content\/themes\/fstheme\/assets\/img\/flag.png\" decoding=\"async\" loading=\"lazy\">\n<\/div>\n\n<\/section>\n\n\n\n\n\n\n\n\n\n<section class=\"carousel-section section text-dark no-top-spacing no-bottom-spacing sectionoverlap\">\n\n    <div class=\"section-inner\">\n\n        <div class=\"wrapper\">\n\n            <div class=\"grid-row\">\n                <div class=\"col-s1e8\">\n\n                                                                                \n                <\/div>\n\n                <div class=\"col-s9e12 align-right pseudo-pagination-col\">\n                    <div class=\"pseudo-pagination pseudo-pagination-slider\">\n                        <a class=\"btn only-icon pseudo-prev is-disabled\" href=\"#\" target=\"_self\">\n                            <span class=\"btn-icon on-hover\"><?xml version=\"1.0\" encoding=\"UTF-8\"?>\n<svg xmlns=\"http:\/\/www.w3.org\/2000\/svg\" version=\"1.1\" viewbox=\"0 0 256 256\" fill=\"currentColor\" >\n  <polygon points=\"254.4 128.3 190.6 64.5 190.6 121.8 1.6 121.8 1.6 136.2 190.6 136.2 190.6 191.5 254.4 128.3\"\/>\n<\/svg><\/span>\n                            <span class=\"btn-icon\"><?xml version=\"1.0\" encoding=\"UTF-8\"?>\n<svg xmlns=\"http:\/\/www.w3.org\/2000\/svg\" version=\"1.1\" viewbox=\"0 0 256 256\" fill=\"currentColor\" >\n  <polygon points=\"254.4 128.3 190.6 64.5 190.6 121.8 1.6 121.8 1.6 136.2 190.6 136.2 190.6 191.5 254.4 128.3\"\/>\n<\/svg><\/span>\n                        <\/a>\n                        <a class=\"btn only-icon pseudo-next\" href=\"#\" target=\"_self\">\n                            <span class=\"btn-icon on-hover\"><?xml version=\"1.0\" encoding=\"UTF-8\"?>\n<svg xmlns=\"http:\/\/www.w3.org\/2000\/svg\" version=\"1.1\" viewbox=\"0 0 256 256\" fill=\"currentColor\" >\n  <polygon points=\"254.4 128.3 190.6 64.5 190.6 121.8 1.6 121.8 1.6 136.2 190.6 136.2 190.6 191.5 254.4 128.3\"\/>\n<\/svg><\/span>\n                            <span class=\"btn-icon\"><?xml version=\"1.0\" encoding=\"UTF-8\"?>\n<svg xmlns=\"http:\/\/www.w3.org\/2000\/svg\" version=\"1.1\" viewbox=\"0 0 256 256\" fill=\"currentColor\" >\n  <polygon points=\"254.4 128.3 190.6 64.5 190.6 121.8 1.6 121.8 1.6 136.2 190.6 136.2 190.6 191.5 254.4 128.3\"\/>\n<\/svg><\/span>\n                        <\/a>\n                    <\/div>\n                <\/div>   \n\n             <\/div>\n\n          \n            <div class=\"grid-row grid-row-slider\">\n                <div class=\"col-s1e12 fs-grid fs-grid-col-3 fs-grid-slider\">\n                                            <div class=\"grid-item carousel-item\" style=\"--item-index: 1;\">\n                            \n\n<div class=\"fs-media fs-media-ratio-7-8 rounded-corners do-anim\">\n    <div class=\"fs-media-item\">\n        <div class=\"fs-media-item-inner\">\n            <img class=\"fs-image\" src=\"https:\/\/andaluciacircuit.com\/wp-content\/uploads\/2024\/10\/01-andalucia-circuit-facilities-768x581.webp\" srcset=\"https:\/\/andaluciacircuit.com\/wp-content\/uploads\/2024\/10\/01-andalucia-circuit-facilities-768x581.webp 768w, https:\/\/andaluciacircuit.com\/wp-content\/uploads\/2024\/10\/01-andalucia-circuit-facilities-512x387.webp 512w\"  width=\"768\" height=\"581\" alt=\"01-andalucia-circuito-instalaciones\" decoding=\"async\" loading=\"lazy\" >        <\/div>\n    <\/div>\n<\/div>\n\n                        <\/div>\n                                            <div class=\"grid-item carousel-item\" style=\"--item-index: 2;\">\n                            \n\n<div class=\"fs-media fs-media-ratio-7-8 rounded-corners do-anim\">\n    <div class=\"fs-media-item\">\n        <div class=\"fs-media-item-inner\">\n            <img class=\"fs-image\" src=\"https:\/\/andaluciacircuit.com\/wp-content\/uploads\/2024\/10\/02-andalucia-circuit-track-768x581.webp\" srcset=\"https:\/\/andaluciacircuit.com\/wp-content\/uploads\/2024\/10\/02-andalucia-circuit-track-768x581.webp 768w, https:\/\/andaluciacircuit.com\/wp-content\/uploads\/2024\/10\/02-andalucia-circuit-track-512x387.webp 512w\"  width=\"768\" height=\"581\" alt=\"02-andalucia-circuito-pista\" decoding=\"async\" loading=\"lazy\" >        <\/div>\n    <\/div>\n<\/div>\n\n                        <\/div>\n                                            <div class=\"grid-item carousel-item\" style=\"--item-index: 3;\">\n                            \n\n<div class=\"fs-media fs-media-ratio-7-8 rounded-corners do-anim\">\n    <div class=\"fs-media-item\">\n        <div class=\"fs-media-item-inner\">\n            <img class=\"fs-image\" src=\"https:\/\/andaluciacircuit.com\/wp-content\/uploads\/2024\/10\/03-andalucia-circuit-track-768x581.webp\" srcset=\"https:\/\/andaluciacircuit.com\/wp-content\/uploads\/2024\/10\/03-andalucia-circuit-track-768x581.webp 768w, https:\/\/andaluciacircuit.com\/wp-content\/uploads\/2024\/10\/03-andalucia-circuit-track-512x387.webp 512w\"  width=\"768\" height=\"581\" alt=\"03-andalucia-circuito-pista\" decoding=\"async\" loading=\"lazy\" >        <\/div>\n    <\/div>\n<\/div>\n\n                        <\/div>\n                                            <div class=\"grid-item carousel-item\" style=\"--item-index: 4;\">\n                            \n\n<div class=\"fs-media fs-media-ratio-7-8 rounded-corners do-anim\">\n    <div class=\"fs-media-item\">\n        <div class=\"fs-media-item-inner\">\n            <img class=\"fs-image\" src=\"https:\/\/andaluciacircuit.com\/wp-content\/uploads\/2024\/10\/04-andalucia-circuit-track-768x575.webp\" srcset=\"https:\/\/andaluciacircuit.com\/wp-content\/uploads\/2024\/10\/04-andalucia-circuit-track-768x575.webp 768w, https:\/\/andaluciacircuit.com\/wp-content\/uploads\/2024\/10\/04-andalucia-circuit-track-512x384.webp 512w\"  width=\"768\" height=\"575\" alt=\"04-andalucia-circuito-pista\" decoding=\"async\" loading=\"lazy\" >        <\/div>\n    <\/div>\n<\/div>\n\n                        <\/div>\n                                    <\/div>\n            <\/div> \n\n        <\/div>\n    <\/div>\n\n    \n<div class=\"fs-bg fs-bg-color\">\n    <div class=\"fs-bg-el fs-bg-el-white\">\n            <\/div>\n        <\/div>\n\n    \n    \n<\/section>\n\n\n\n\n<section class=\"text-media-section section\">\n\n    <div class=\"section-inner\">\n\n        <div class=\"wrapper\">\n\n            <div class=\"grid-row\">\n\n                <div class=\"col-s3e10\">                    \n                    \n    <h3 class=\"h3 align-center translation-block\">DIFERENTES TRAZADOS\nPARA ADECUARSE A SUS NECESIDADES<\/h3>\n\n\n<div class=\"fs-media fs-media-ratio-auto rounded-corners do-anim\">\n    <div class=\"fs-media-item\">\n        <div class=\"fs-media-item-inner\">\n            <img class=\"fs-image\" src=\"https:\/\/andaluciacircuit.com\/wp-content\/uploads\/2024\/10\/andalucia-circuit-layouts-1024x670.webp\" srcset=\"https:\/\/andaluciacircuit.com\/wp-content\/uploads\/2024\/10\/andalucia-circuit-layouts-1024x670.webp 1024w, https:\/\/andaluciacircuit.com\/wp-content\/uploads\/2024\/10\/andalucia-circuit-layouts-768x503.webp 768w, https:\/\/andaluciacircuit.com\/wp-content\/uploads\/2024\/10\/andalucia-circuit-layouts-512x335.webp 512w\"  width=\"1024\" height=\"670\" alt=\"andalucia-circuit-layouts\" decoding=\"async\" loading=\"lazy\" >        <\/div>\n    <\/div>\n<\/div>\n\n \n                <\/div>\n\n                                \n            <\/div>\n\n        <\/div>\n\n    <\/div>\n\n    \n    \n    \n<\/section>\n\n\n\n\n\n\n\n\n\n<section class=\"text-media-section section text-dark\">\n\n    <div class=\"section-inner\">\n\n        <div class=\"wrapper\">\n\n            <div class=\"grid-row\">\n\n                <div class=\"col-s1e12 do-anim\">                    \n                    \n    <h3 class=\"h3 align-center\">\n                    \u00a1TIENE TODO LO QUE NECESITA!            <\/h3>\n<div class=\"fs-grid fs-grid-justify-center grid-infoboxes grid-infoboxes-default fs-grid-col-6\">\n        <div class=\"grid-item infobox-item align-center\">\n        <span class=\"infobox-icon\"><?xml version=\"1.0\" encoding=\"UTF-8\"?>\n<svg id=\"Ebene_1\" data-name=\"Ebene 1\" xmlns=\"http:\/\/www.w3.org\/2000\/svg\" version=\"1.1\" viewbox=\"0 0 255.1 255.1\" fill=\"currentColor\">\n  <path d=\"M104.6,152.4c20.7-20.7,41-41.1,61.3-61.5,12.5-12.5,24.9-25,37.5-37.4,10.3-10.1,24.1-10.7,33.5-1.6,9.9,9.6,10.3,23.8,0,34.2-38.3,38.6-76.7,77.1-115.2,115.3-11.2,11.1-24,10.9-35.4-.3-22.8-22.5-45.5-45.2-68-68-9.8-9.9-10-24.6-1.1-33.7,9-9.3,24.3-9.2,34.4.7,17.5,17,34.7,34.3,53,52.3Z\"\/>\n<\/svg><\/span>                <div class=\"infobox-title\">RESTAURANTE<\/div>                    <\/div>\n        <div class=\"grid-item infobox-item align-center\">\n        <span class=\"infobox-icon\"><?xml version=\"1.0\" encoding=\"UTF-8\"?>\n<svg id=\"Ebene_1\" data-name=\"Ebene 1\" xmlns=\"http:\/\/www.w3.org\/2000\/svg\" version=\"1.1\" viewbox=\"0 0 255.1 255.1\" fill=\"currentColor\">\n  <path d=\"M104.6,152.4c20.7-20.7,41-41.1,61.3-61.5,12.5-12.5,24.9-25,37.5-37.4,10.3-10.1,24.1-10.7,33.5-1.6,9.9,9.6,10.3,23.8,0,34.2-38.3,38.6-76.7,77.1-115.2,115.3-11.2,11.1-24,10.9-35.4-.3-22.8-22.5-45.5-45.2-68-68-9.8-9.9-10-24.6-1.1-33.7,9-9.3,24.3-9.2,34.4.7,17.5,17,34.7,34.3,53,52.3Z\"\/>\n<\/svg><\/span>                <div class=\"infobox-title\">Sala de prensa<\/div>                    <\/div>\n        <div class=\"grid-item infobox-item align-center\">\n        <span class=\"infobox-icon\"><?xml version=\"1.0\" encoding=\"UTF-8\"?>\n<svg id=\"Ebene_1\" data-name=\"Ebene 1\" xmlns=\"http:\/\/www.w3.org\/2000\/svg\" version=\"1.1\" viewbox=\"0 0 255.1 255.1\" fill=\"currentColor\">\n  <path d=\"M104.6,152.4c20.7-20.7,41-41.1,61.3-61.5,12.5-12.5,24.9-25,37.5-37.4,10.3-10.1,24.1-10.7,33.5-1.6,9.9,9.6,10.3,23.8,0,34.2-38.3,38.6-76.7,77.1-115.2,115.3-11.2,11.1-24,10.9-35.4-.3-22.8-22.5-45.5-45.2-68-68-9.8-9.9-10-24.6-1.1-33.7,9-9.3,24.3-9.2,34.4.7,17.5,17,34.7,34.3,53,52.3Z\"\/>\n<\/svg><\/span>                <div class=\"infobox-title\">Hospital<\/div>                    <\/div>\n        <div class=\"grid-item infobox-item align-center\">\n        <span class=\"infobox-icon\"><?xml version=\"1.0\" encoding=\"UTF-8\"?>\n<svg id=\"Ebene_1\" data-name=\"Ebene 1\" xmlns=\"http:\/\/www.w3.org\/2000\/svg\" version=\"1.1\" viewbox=\"0 0 255.1 255.1\" fill=\"currentColor\">\n  <path d=\"M104.6,152.4c20.7-20.7,41-41.1,61.3-61.5,12.5-12.5,24.9-25,37.5-37.4,10.3-10.1,24.1-10.7,33.5-1.6,9.9,9.6,10.3,23.8,0,34.2-38.3,38.6-76.7,77.1-115.2,115.3-11.2,11.1-24,10.9-35.4-.3-22.8-22.5-45.5-45.2-68-68-9.8-9.9-10-24.6-1.1-33.7,9-9.3,24.3-9.2,34.4.7,17.5,17,34.7,34.3,53,52.3Z\"\/>\n<\/svg><\/span>                <div class=\"infobox-title\">Torre de control<\/div>                    <\/div>\n        <div class=\"grid-item infobox-item align-center\">\n        <span class=\"infobox-icon\"><?xml version=\"1.0\" encoding=\"UTF-8\"?>\n<svg id=\"Ebene_1\" data-name=\"Ebene 1\" xmlns=\"http:\/\/www.w3.org\/2000\/svg\" version=\"1.1\" viewbox=\"0 0 255.1 255.1\" fill=\"currentColor\">\n  <path d=\"M104.6,152.4c20.7-20.7,41-41.1,61.3-61.5,12.5-12.5,24.9-25,37.5-37.4,10.3-10.1,24.1-10.7,33.5-1.6,9.9,9.6,10.3,23.8,0,34.2-38.3,38.6-76.7,77.1-115.2,115.3-11.2,11.1-24,10.9-35.4-.3-22.8-22.5-45.5-45.2-68-68-9.8-9.9-10-24.6-1.1-33.7,9-9.3,24.3-9.2,34.4.7,17.5,17,34.7,34.3,53,52.3Z\"\/>\n<\/svg><\/span>                <div class=\"infobox-title\">Oficinas<\/div>                    <\/div>\n    <\/div>\n\n \n                <\/div>\n\n                                \n            <\/div>\n\n        <\/div>\n\n    <\/div>\n\n    \n<div class=\"fs-bg fs-bg-color\">\n    <div class=\"fs-bg-el fs-bg-el-white\">\n            <\/div>\n        <\/div>\n\n    \n    \n<\/section>","protected":false},"excerpt":{"rendered":"","protected":false},"author":1,"featured_media":0,"parent":0,"menu_order":0,"comment_status":"closed","ping_status":"closed","template":"","meta":{"footnotes":""},"class_list":["post-192","page","type-page","status-publish","hentry"],"acf":[],"_links":{"self":[{"href":"https:\/\/andaluciacircuit.com\/es\/wp-json\/wp\/v2\/pages\/192","targetHints":{"allow":["GET"]}}],"collection":[{"href":"https:\/\/andaluciacircuit.com\/es\/wp-json\/wp\/v2\/pages"}],"about":[{"href":"https:\/\/andaluciacircuit.com\/es\/wp-json\/wp\/v2\/types\/page"}],"author":[{"embeddable":true,"href":"https:\/\/andaluciacircuit.com\/es\/wp-json\/wp\/v2\/users\/1"}],"replies":[{"embeddable":true,"href":"https:\/\/andaluciacircuit.com\/es\/wp-json\/wp\/v2\/comments?post=192"}],"version-history":[{"count":39,"href":"https:\/\/andaluciacircuit.com\/es\/wp-json\/wp\/v2\/pages\/192\/revisions"}],"predecessor-version":[{"id":849,"href":"https:\/\/andaluciacircuit.com\/es\/wp-json\/wp\/v2\/pages\/192\/revisions\/849"}],"wp:attachment":[{"href":"https:\/\/andaluciacircuit.com\/es\/wp-json\/wp\/v2\/media?parent=192"}],"curies":[{"name":"wp","href":"https:\/\/api.w.org\/{rel}","templated":true}]}}