{"id":198,"date":"2024-10-24T11:33:18","date_gmt":"2024-10-24T11:33:18","guid":{"rendered":"https:\/\/www.andaluciacircuit.com\/?page_id=198"},"modified":"2024-11-25T14:59:31","modified_gmt":"2024-11-25T14:59:31","slug":"incentive-events","status":"publish","type":"page","link":"https:\/\/andaluciacircuit.com\/es\/incentivos\/","title":{"rendered":"Incentivo\/eventos"},"content":{"rendered":"<section class=\"hero-section section section-height-auto\">\n\n    <div class=\"section-inner page-title\">\n\n        <div class=\"wrapper do-anim\">\n\n                        \n    <span class=\"h6 superline align-center\">\n                    Empresas            <\/span>\n                \n    <h1 class=\"h1 align-center\">\n                    ORGANICE SU EVENTO            <\/h1>\n                \n            \n        <\/div>\n\n    <\/div>\n\n    \n<div class=\"fs-bg\">\n    <div class=\"fs-bg-el phat-parallax has-overlay overlay-full\">\n        <img class=\"fs-image\" src=\"https:\/\/andaluciacircuit.com\/wp-content\/uploads\/2024\/10\/01-andalucia-circuit-facilities.webp\" srcset=\"https:\/\/andaluciacircuit.com\/wp-content\/uploads\/2024\/10\/01-andalucia-circuit-facilities.webp 1680w, https:\/\/andaluciacircuit.com\/wp-content\/uploads\/2024\/10\/01-andalucia-circuit-facilities.webp 1440w, https:\/\/andaluciacircuit.com\/wp-content\/uploads\/2024\/10\/01-andalucia-circuit-facilities-1024x774.webp 1024w, https:\/\/andaluciacircuit.com\/wp-content\/uploads\/2024\/10\/01-andalucia-circuit-facilities-768x581.webp 768w, https:\/\/andaluciacircuit.com\/wp-content\/uploads\/2024\/10\/01-andalucia-circuit-facilities-512x387.webp 512w\"  width=\"1226\" height=\"927\" alt=\"01-andalucia-circuito-instalaciones\" decoding=\"async\" loading=\"lazy\" >    <\/div>\n        <\/div>\n\n    \n<\/section>\n\n\n\n\n<section class=\"text-media-section section text-dark\">\n\n    <div class=\"section-inner\">\n\n        <div class=\"wrapper\">\n\n            <div class=\"grid-row\">\n\n                <div class=\"col-s7e12 pos-2 pos-sm-1\">                    \n                    \n    <h2 class=\"h4 align-left translation-block\">EN UNA\nUBICACI\u00d3N IMPRESIONANTE,\nRODEADA DE BELLOS\nPAISAJES<\/h2>\n<p>\u00a1Deslumbre a sus invitados celebrando su evento en el circuito m\u00e1s bello del mundo!<\/p>\n<p>Contamos con modernas y c\u00f3modas instalaciones con capacidad para m\u00e1s de 300\u00a0comensales, en un lugar estrat\u00e9gico y con vistas al circuito.<\/p>\n<p>Nuestro restaurante es el lugar perfecto para cualquier tipo de evento e incluso como sala de presentaci\u00f3n de su veh\u00edculo.<\/p>\n<p class=\"p-btn align-left\">\n<a class=\"btn  btn-normal\" href=\"https:\/\/andaluciacircuit.com\/es\/contacto\/\" target=\"\" >\n        <span class=\"btn-icon on-hover\"><?xml version=\"1.0\" encoding=\"UTF-8\"?>\n<svg xmlns=\"http:\/\/www.w3.org\/2000\/svg\" version=\"1.1\" viewbox=\"0 0 231.8 89.5\" fill=\"currentColor\" >\n  <polygon points=\"228.8 44.5 200.3 16 200.3 41.6 3 41.6 3 48 200.3 48 200.3 72.7 228.8 44.5\"\/>\n<\/svg><\/span>\n        <span class=\"btn-text\">\n        <span>CONSULTAR YA<\/span>\n    <\/span>\n        <span class=\"btn-icon\"><?xml version=\"1.0\" encoding=\"UTF-8\"?>\n<svg xmlns=\"http:\/\/www.w3.org\/2000\/svg\" version=\"1.1\" viewbox=\"0 0 231.8 89.5\" fill=\"currentColor\" >\n  <polygon points=\"228.8 44.5 200.3 16 200.3 41.6 3 41.6 3 48 200.3 48 200.3 72.7 228.8 44.5\"\/>\n<\/svg><\/span>\n    <\/a><\/p> \n                <\/div>\n\n                                <div class=\"col-s1e6 pos-1 pos-sm-2\">\n\n                    <div class=\"fs-spacer-large\"><\/div>\n    <div class=\"fs-slider-container\">\n        <div class=\"fs-slider\">\n                        <div class=\"slider-item\">\n                \n\n<div class=\"fs-media fs-media-ratio-1-1 rounded-corners\">\n    <div class=\"fs-media-item\">\n        <div class=\"fs-media-item-inner\">\n            <img class=\"fs-image\" src=\"https:\/\/andaluciacircuit.com\/wp-content\/uploads\/2024\/11\/Home-Organise-your-event-768x581.webp\" srcset=\"https:\/\/andaluciacircuit.com\/wp-content\/uploads\/2024\/11\/Home-Organise-your-event-768x581.webp 768w, https:\/\/andaluciacircuit.com\/wp-content\/uploads\/2024\/11\/Home-Organise-your-event-512x387.webp 512w\"  width=\"768\" height=\"581\" alt=\"Inicio-Organice su evento\" decoding=\"async\" loading=\"lazy\" >        <\/div>\n    <\/div>\n<\/div>\n\n            <\/div>\n                        <div class=\"slider-item\">\n                \n\n<div class=\"fs-media fs-media-ratio-1-1 rounded-corners\">\n    <div class=\"fs-media-item\">\n        <div class=\"fs-media-item-inner\">\n            <img class=\"fs-image\" src=\"https:\/\/andaluciacircuit.com\/wp-content\/uploads\/2024\/11\/01-andalucia-circuit-business-event-celebrate-768x696.webp\" srcset=\"https:\/\/andaluciacircuit.com\/wp-content\/uploads\/2024\/11\/01-andalucia-circuit-business-event-celebrate-768x696.webp 768w, https:\/\/andaluciacircuit.com\/wp-content\/uploads\/2024\/11\/01-andalucia-circuit-business-event-celebrate-512x464.webp 512w\"  width=\"768\" height=\"696\" alt=\"01-andalucia-circuito-empresa-evento-celebraci\u00f3n\" decoding=\"async\" loading=\"lazy\" >        <\/div>\n    <\/div>\n<\/div>\n\n            <\/div>\n                    <\/div>\n\n        <div class=\"pseudo-pagination pseudo-pagination-slider\">\n            <a class=\"btn only-icon pseudo-prev is-disabled\" href=\"#\" target=\"_self\">\n                <span class=\"btn-icon on-hover\"><?xml version=\"1.0\" encoding=\"UTF-8\"?>\n<svg xmlns=\"http:\/\/www.w3.org\/2000\/svg\" version=\"1.1\" viewbox=\"0 0 256 256\" fill=\"currentColor\" >\n  <polygon points=\"254.4 128.3 190.6 64.5 190.6 121.8 1.6 121.8 1.6 136.2 190.6 136.2 190.6 191.5 254.4 128.3\"\/>\n<\/svg><\/span>\n                <span class=\"btn-icon\"><?xml version=\"1.0\" encoding=\"UTF-8\"?>\n<svg xmlns=\"http:\/\/www.w3.org\/2000\/svg\" version=\"1.1\" viewbox=\"0 0 256 256\" fill=\"currentColor\" >\n  <polygon points=\"254.4 128.3 190.6 64.5 190.6 121.8 1.6 121.8 1.6 136.2 190.6 136.2 190.6 191.5 254.4 128.3\"\/>\n<\/svg><\/span>\n            <\/a>\n            <a class=\"btn only-icon pseudo-next\" href=\"#\" target=\"_self\">\n                <span class=\"btn-icon on-hover\"><?xml version=\"1.0\" encoding=\"UTF-8\"?>\n<svg xmlns=\"http:\/\/www.w3.org\/2000\/svg\" version=\"1.1\" viewbox=\"0 0 256 256\" fill=\"currentColor\" >\n  <polygon points=\"254.4 128.3 190.6 64.5 190.6 121.8 1.6 121.8 1.6 136.2 190.6 136.2 190.6 191.5 254.4 128.3\"\/>\n<\/svg><\/span>\n                <span class=\"btn-icon\"><?xml version=\"1.0\" encoding=\"UTF-8\"?>\n<svg xmlns=\"http:\/\/www.w3.org\/2000\/svg\" version=\"1.1\" viewbox=\"0 0 256 256\" fill=\"currentColor\" >\n  <polygon points=\"254.4 128.3 190.6 64.5 190.6 121.8 1.6 121.8 1.6 136.2 190.6 136.2 190.6 191.5 254.4 128.3\"\/>\n<\/svg><\/span>\n            <\/a>\n        <\/div>\n\n    <\/div>\n\n \n                                    <\/div>\n                                \n            <\/div>\n\n        <\/div>\n\n    <\/div>\n\n    \n<div class=\"fs-bg fs-bg-color\">\n    <div class=\"fs-bg-el fs-bg-el-white\">\n            <\/div>\n        <\/div>\n\n    \n    \n<div class=\"fs-bg-flag fs-bg-flag-top-right\">    \n    <img src=\"https:\/\/andaluciacircuit.com\/wp-content\/themes\/fstheme\/assets\/img\/flag.png\" decoding=\"async\" loading=\"lazy\">\n<\/div>\n\n<\/section>\n\n\n\n\n\n\n\n\n\n<section class=\"text-media-section section no-bottom-spacing\">\n\n    <div class=\"section-inner\">\n\n        <div class=\"wrapper\">\n\n            <div class=\"grid-row\">\n\n                <div class=\"col-s2e11 do-anim\">                    \n                    \n    <h2 class=\"h2 align-left translation-block\">SU EVENTO\nEN EL CIRCUITO DE ANDALUC\u00cdA<\/h2>\n<p class=\"p-btn align-left\">\n<a class=\"btn  btn-simple\" href=\"https:\/\/andaluciacircuit.com\/es\/contacto\/\" target=\"\" >\n        <span class=\"btn-icon on-hover\"><?xml version=\"1.0\" encoding=\"UTF-8\"?>\n<svg xmlns=\"http:\/\/www.w3.org\/2000\/svg\" version=\"1.1\" viewbox=\"0 0 231.8 89.5\" fill=\"currentColor\" >\n  <polygon points=\"228.8 44.5 200.3 16 200.3 41.6 3 41.6 3 48 200.3 48 200.3 72.7 228.8 44.5\"\/>\n<\/svg><\/span>\n        <span class=\"btn-text\">\n        <span>CONTACTE CON NOSOTROS<\/span>\n    <\/span>\n        <span class=\"btn-icon\"><?xml version=\"1.0\" encoding=\"UTF-8\"?>\n<svg xmlns=\"http:\/\/www.w3.org\/2000\/svg\" version=\"1.1\" viewbox=\"0 0 231.8 89.5\" fill=\"currentColor\" >\n  <polygon points=\"228.8 44.5 200.3 16 200.3 41.6 3 41.6 3 48 200.3 48 200.3 72.7 228.8 44.5\"\/>\n<\/svg><\/span>\n    <\/a><\/p><div class=\"fs-grid fs-grid-justify-center grid-infoboxes grid-infoboxes-medium fs-grid-col-2 fs-grid-boxed\">\n        <div class=\"grid-item infobox-item align-center\">\n                        <div class=\"infobox-title h5 colored\">Lanzamiento de productos<\/div>        <p class=\"infobox-text colored\">Atraiga la atenci\u00f3n y destaque invitando a sus clientes a un lugar excepcional, en un entorno impresionante.<\/p>            <\/div>\n        <div class=\"grid-item infobox-item align-center\">\n                        <div class=\"infobox-title h5 colored\">Team Building<\/div>        <p class=\"infobox-text colored\">Un entorno din\u00e1mico y mucho sol: el lugar perfecto para que su equipo estreche lazos o para invitar a socios.<\/p>            <\/div>\n        <div class=\"grid-item infobox-item align-center\">\n                        <div class=\"infobox-title h5 colored\">Seminarios<\/div>        <p class=\"infobox-text colored\">Celebre sus seminarios en un entorno exclusivo y din\u00e1mico.<\/p>            <\/div>\n        <div class=\"grid-item infobox-item align-center\">\n                        <div class=\"infobox-title h5 colored\">Eventos privados<\/div>        <p class=\"infobox-text colored\">\u00bfQu\u00e9 puede impresionar m\u00e1s que una fiesta de cumplea\u00f1os en una pista de carreras?<\/p>            <\/div>\n    <\/div>\n\n<div class=\"fs-spacer-large\"><\/div> \n                <\/div>\n\n                                \n            <\/div>\n\n        <\/div>\n\n    <\/div>\n\n    \n    \n<div class=\"fs-text-bg width-full position-bottom-offset align-left\">\n    <div class=\"fs-text-bg-el\">\n        <div class=\"fs-text-bg-el-text char-lettering do-anim translation-block\">Andalucia <br>\nCircuit<\/div>    <\/div>\n<\/div>\n\n    \n<\/section>\n\n\n\n\n\n\n\n\n\n<section class=\"parallax-section section\">\n\n    <div class=\"section-inner\">\n    <\/div>\n\n    \n<div class=\"fs-bg\">\n    <div class=\"fs-bg-el phat-parallax\">\n        <img class=\"fs-image\" src=\"https:\/\/andaluciacircuit.com\/wp-content\/uploads\/2024\/10\/02-andalucia-circuit-track.webp\" srcset=\"https:\/\/andaluciacircuit.com\/wp-content\/uploads\/2024\/10\/02-andalucia-circuit-track.webp 1680w, https:\/\/andaluciacircuit.com\/wp-content\/uploads\/2024\/10\/02-andalucia-circuit-track.webp 1440w, https:\/\/andaluciacircuit.com\/wp-content\/uploads\/2024\/10\/02-andalucia-circuit-track-1024x774.webp 1024w, https:\/\/andaluciacircuit.com\/wp-content\/uploads\/2024\/10\/02-andalucia-circuit-track-768x581.webp 768w, https:\/\/andaluciacircuit.com\/wp-content\/uploads\/2024\/10\/02-andalucia-circuit-track-512x387.webp 512w\"  width=\"1226\" height=\"927\" alt=\"02-andalucia-circuito-pista\" decoding=\"async\" loading=\"lazy\" >    <\/div>\n    <div class=\"fs-bg-gradient fs-bg-gradient-top\"><\/div>    <\/div>\n\n<\/section>","protected":false},"excerpt":{"rendered":"","protected":false},"author":1,"featured_media":0,"parent":0,"menu_order":0,"comment_status":"closed","ping_status":"closed","template":"","meta":{"footnotes":""},"class_list":["post-198","page","type-page","status-publish","hentry"],"acf":[],"_links":{"self":[{"href":"https:\/\/andaluciacircuit.com\/es\/wp-json\/wp\/v2\/pages\/198","targetHints":{"allow":["GET"]}}],"collection":[{"href":"https:\/\/andaluciacircuit.com\/es\/wp-json\/wp\/v2\/pages"}],"about":[{"href":"https:\/\/andaluciacircuit.com\/es\/wp-json\/wp\/v2\/types\/page"}],"author":[{"embeddable":true,"href":"https:\/\/andaluciacircuit.com\/es\/wp-json\/wp\/v2\/users\/1"}],"replies":[{"embeddable":true,"href":"https:\/\/andaluciacircuit.com\/es\/wp-json\/wp\/v2\/comments?post=198"}],"version-history":[{"count":38,"href":"https:\/\/andaluciacircuit.com\/es\/wp-json\/wp\/v2\/pages\/198\/revisions"}],"predecessor-version":[{"id":851,"href":"https:\/\/andaluciacircuit.com\/es\/wp-json\/wp\/v2\/pages\/198\/revisions\/851"}],"wp:attachment":[{"href":"https:\/\/andaluciacircuit.com\/es\/wp-json\/wp\/v2\/media?parent=198"}],"curies":[{"name":"wp","href":"https:\/\/api.w.org\/{rel}","templated":true}]}}