{"id":200,"date":"2024-10-24T11:33:28","date_gmt":"2024-10-24T11:33:28","guid":{"rendered":"https:\/\/www.andaluciacircuit.com\/?page_id=200"},"modified":"2025-10-17T08:43:05","modified_gmt":"2025-10-17T08:43:05","slug":"facilities","status":"publish","type":"page","link":"https:\/\/andaluciacircuit.com\/es\/instalaciones\/","title":{"rendered":"Instalaciones"},"content":{"rendered":"<section class=\"hero-section section section-height-auto\">\n\n    <div class=\"section-inner page-title\">\n\n        <div class=\"wrapper do-anim\">\n\n        <div class=\"inner-wrapper- inner-wrapper-\">                \n    <span class=\"h6 superline align-center\">\n                    El circuito            <\/span>\n                \n    <h1 class=\"h1 align-center\">\n                    Instalaciones            <\/h1>\n                <\/div>\n            \n        <\/div>\n\n    <\/div>\n\n    \n<div class=\"fs-bg\">\n    <div class=\"fs-bg-el phat-parallax has-overlay overlay-full\">\n        <img class=\"fs-image\" src=\"https:\/\/andaluciacircuit.com\/wp-content\/uploads\/2024\/10\/01-andalucia-circuit-facilities.webp\" srcset=\"https:\/\/andaluciacircuit.com\/wp-content\/uploads\/2024\/10\/01-andalucia-circuit-facilities.webp 1680w, https:\/\/andaluciacircuit.com\/wp-content\/uploads\/2024\/10\/01-andalucia-circuit-facilities.webp 1440w, https:\/\/andaluciacircuit.com\/wp-content\/uploads\/2024\/10\/01-andalucia-circuit-facilities-1024x774.webp 1024w, https:\/\/andaluciacircuit.com\/wp-content\/uploads\/2024\/10\/01-andalucia-circuit-facilities-768x581.webp 768w, https:\/\/andaluciacircuit.com\/wp-content\/uploads\/2024\/10\/01-andalucia-circuit-facilities-512x387.webp 512w\"  width=\"1226\" height=\"927\" alt=\"01-andalucia-circuito-instalaciones\" decoding=\"async\" loading=\"lazy\" >    <\/div>\n        <\/div>\n\n    \n<\/section>\n\n\n\n\n<section class=\"carousel-section section text-dark no-top-spacing no-bottom-spacing sectionoverlap\">\n\n    <div class=\"section-inner\">\n\n        <div class=\"wrapper\">\n\n            <div class=\"grid-row\">\n                <div class=\"col-s1e8\">\n\n                <div class=\"inner-wrapper- inner-wrapper-\">                                                <\/div>                \n                <\/div>\n\n                <div class=\"col-s9e12 align-right pseudo-pagination-col\">\n                    <div class=\"pseudo-pagination pseudo-pagination-slider\">\n                        <a class=\"btn only-icon pseudo-prev is-disabled\" href=\"#\" target=\"_self\">\n                            <span class=\"btn-icon on-hover\"><?xml version=\"1.0\" encoding=\"UTF-8\"?>\n<svg xmlns=\"http:\/\/www.w3.org\/2000\/svg\" version=\"1.1\" viewbox=\"0 0 256 256\" fill=\"currentColor\" >\n  <polygon points=\"254.4 128.3 190.6 64.5 190.6 121.8 1.6 121.8 1.6 136.2 190.6 136.2 190.6 191.5 254.4 128.3\"\/>\n<\/svg><\/span>\n                            <span class=\"btn-icon\"><?xml version=\"1.0\" encoding=\"UTF-8\"?>\n<svg xmlns=\"http:\/\/www.w3.org\/2000\/svg\" version=\"1.1\" viewbox=\"0 0 256 256\" fill=\"currentColor\" >\n  <polygon points=\"254.4 128.3 190.6 64.5 190.6 121.8 1.6 121.8 1.6 136.2 190.6 136.2 190.6 191.5 254.4 128.3\"\/>\n<\/svg><\/span>\n                        <\/a>\n                        <a class=\"btn only-icon pseudo-next\" href=\"#\" target=\"_self\">\n                            <span class=\"btn-icon on-hover\"><?xml version=\"1.0\" encoding=\"UTF-8\"?>\n<svg xmlns=\"http:\/\/www.w3.org\/2000\/svg\" version=\"1.1\" viewbox=\"0 0 256 256\" fill=\"currentColor\" >\n  <polygon points=\"254.4 128.3 190.6 64.5 190.6 121.8 1.6 121.8 1.6 136.2 190.6 136.2 190.6 191.5 254.4 128.3\"\/>\n<\/svg><\/span>\n                            <span class=\"btn-icon\"><?xml version=\"1.0\" encoding=\"UTF-8\"?>\n<svg xmlns=\"http:\/\/www.w3.org\/2000\/svg\" version=\"1.1\" viewbox=\"0 0 256 256\" fill=\"currentColor\" >\n  <polygon points=\"254.4 128.3 190.6 64.5 190.6 121.8 1.6 121.8 1.6 136.2 190.6 136.2 190.6 191.5 254.4 128.3\"\/>\n<\/svg><\/span>\n                        <\/a>\n                    <\/div>\n                <\/div>   \n\n             <\/div>\n\n          \n            <div class=\"grid-row grid-row-slider\">\n                <div class=\"col-s1e12 fs-grid fs-grid-col-3 fs-grid-slider\">\n                                            <div class=\"grid-item carousel-item\" style=\"--item-index: 1;\">\n                            \n\n<div class=\"fs-media fs-media-ratio-7-8 rounded-corners do-anim\">\n    <div class=\"fs-media-item\">\n        <div class=\"fs-media-item-inner\">\n            <img class=\"fs-image\" src=\"https:\/\/andaluciacircuit.com\/wp-content\/uploads\/2025\/07\/Catering2-768x576.jpg\" srcset=\"https:\/\/andaluciacircuit.com\/wp-content\/uploads\/2025\/07\/Catering2-768x576.jpg 768w, https:\/\/andaluciacircuit.com\/wp-content\/uploads\/2025\/07\/Catering2-512x384.jpg 512w\"  width=\"768\" height=\"576\" alt=\"Catering2\" decoding=\"async\" loading=\"lazy\" >        <\/div>\n    <\/div>\n<\/div>\n\n                        <\/div>\n                                            <div class=\"grid-item carousel-item\" style=\"--item-index: 2;\">\n                            \n\n<div class=\"fs-media fs-media-ratio-7-8 rounded-corners do-anim\">\n    <div class=\"fs-media-item\">\n        <div class=\"fs-media-item-inner\">\n            <img class=\"fs-image\" src=\"https:\/\/andaluciacircuit.com\/wp-content\/uploads\/2024\/11\/01-andalucia-circuit-business-event-celebrate-768x696.webp\" srcset=\"https:\/\/andaluciacircuit.com\/wp-content\/uploads\/2024\/11\/01-andalucia-circuit-business-event-celebrate-768x696.webp 768w, https:\/\/andaluciacircuit.com\/wp-content\/uploads\/2024\/11\/01-andalucia-circuit-business-event-celebrate-512x464.webp 512w\"  width=\"768\" height=\"696\" alt=\"01-andalucia-circuito-empresa-evento-celebraci\u00f3n\" decoding=\"async\" loading=\"lazy\" >        <\/div>\n    <\/div>\n<\/div>\n\n                        <\/div>\n                                            <div class=\"grid-item carousel-item\" style=\"--item-index: 3;\">\n                            \n\n<div class=\"fs-media fs-media-ratio-7-8 rounded-corners do-anim\">\n    <div class=\"fs-media-item\">\n        <div class=\"fs-media-item-inner\">\n            <img class=\"fs-image\" src=\"https:\/\/andaluciacircuit.com\/wp-content\/uploads\/2025\/07\/Cat1.jpg\" srcset=\"https:\/\/andaluciacircuit.com\/wp-content\/uploads\/2025\/07\/Cat1.jpg 768w, https:\/\/andaluciacircuit.com\/wp-content\/uploads\/2025\/07\/Cat1.jpg 512w\"  width=\"320\" height=\"240\" alt=\"Cat1\" decoding=\"async\" loading=\"lazy\" >        <\/div>\n    <\/div>\n<\/div>\n\n                        <\/div>\n                                            <div class=\"grid-item carousel-item\" style=\"--item-index: 4;\">\n                            \n\n<div class=\"fs-media fs-media-ratio-7-8 rounded-corners do-anim\">\n    <div class=\"fs-media-item\">\n        <div class=\"fs-media-item-inner\">\n            <img class=\"fs-image\" src=\"https:\/\/andaluciacircuit.com\/wp-content\/uploads\/2025\/07\/Cat2.jpg\" srcset=\"https:\/\/andaluciacircuit.com\/wp-content\/uploads\/2025\/07\/Cat2.jpg 768w, https:\/\/andaluciacircuit.com\/wp-content\/uploads\/2025\/07\/Cat2.jpg 512w\"  width=\"320\" height=\"240\" alt=\"Cat2\" decoding=\"async\" loading=\"lazy\" >        <\/div>\n    <\/div>\n<\/div>\n\n                        <\/div>\n                                    <\/div>\n            <\/div> \n\n        <\/div>\n    <\/div>\n\n    \n<div class=\"fs-bg fs-bg-color\">\n    <div class=\"fs-bg-el fs-bg-el-white\">\n            <\/div>\n        <\/div>\n\n    \n    \n<\/section>\n\n\n\n\n<section class=\"text-media-section section text-dark\">\n\n    <div class=\"section-inner\">\n\n        <div class=\"wrapper\">\n\n            <div class=\"grid-row\">\n\n                <div class=\"col-s7e12 pos-2 pos-sm-1 do-anim\">                    \n                    \n    <h2 class=\"h3 align-left\">\n                    Catering            <\/h2>\n<p>&nbsp;<\/p>\n<p>Nuestras instalaciones pueden ser el lugar perfecto para cualquier tipo de evento e incluso la sala de presentaci\u00f3n de su veh\u00edculo<\/p>\n<p>&nbsp;<\/p>\n<ul>\n<li><strong>Catering previa petici\u00f3n<\/strong><\/li>\n<\/ul>\n \n                <\/div>\n\n                                <div class=\"col-s1e6 pos-1 pos-sm-2\">\n\n                    \n\n<div class=\"fs-media fs-media-ratio-1-1 rounded-corners do-anim\">\n    <div class=\"fs-media-item\">\n        <div class=\"fs-media-item-inner\">\n            <img class=\"fs-image\" src=\"https:\/\/andaluciacircuit.com\/wp-content\/uploads\/2024\/11\/01-andalucia-circuit-business-event-celebrate-1024x928.webp\" srcset=\"https:\/\/andaluciacircuit.com\/wp-content\/uploads\/2024\/11\/01-andalucia-circuit-business-event-celebrate-1024x928.webp 1024w, https:\/\/andaluciacircuit.com\/wp-content\/uploads\/2024\/11\/01-andalucia-circuit-business-event-celebrate-768x696.webp 768w, https:\/\/andaluciacircuit.com\/wp-content\/uploads\/2024\/11\/01-andalucia-circuit-business-event-celebrate-512x464.webp 512w\"  width=\"1024\" height=\"928\" alt=\"01-andalucia-circuito-empresa-evento-celebraci\u00f3n\" decoding=\"async\" loading=\"lazy\" >        <\/div>\n    <\/div>\n<\/div>\n\n \n                                    <\/div>\n                                \n            <\/div>\n\n        <\/div>\n\n    <\/div>\n\n    \n<div class=\"fs-bg fs-bg-color\">\n    <div class=\"fs-bg-el fs-bg-el-white\">\n            <\/div>\n        <\/div>\n\n    \n    \n<div class=\"fs-bg-flag fs-bg-flag-top-right\">    \n    <img src=\"https:\/\/andaluciacircuit.com\/wp-content\/themes\/fstheme\/assets\/img\/flag.png\" decoding=\"async\" loading=\"lazy\">\n<\/div>\n\n<\/section>\n\n\n\n\n\n\n\n\n\n<section class=\"text-media-section section\">\n\n    <div class=\"section-inner\">\n\n        <div class=\"wrapper\">\n\n            <div class=\"grid-row justify-bottom\">\n\n                <div class=\"col-s1e6 pos-sm-1 do-anim\">                    \n                    \n    <h2 class=\"h3 align-left translation-block\">ALOJAMIENTO<br>\nNOCTURNO<\/h2>\n<p>Si no le apetece conducir de vuelta al hotel al final de cada jornada o simplemente quiere relajarse en un entorno deslumbrante, tiene la opci\u00f3n de hacerlo dentro del circuito: reserve uno de nuestros chalets con habitaciones dobles. Podr\u00e1 contemplar el paddock o disfrutar de las espectaculares vistas a las monta\u00f1as.\nPor la noche, cuando mire al cielo, no podr\u00e1 creer cu\u00e1ntas estrellas se ven sobre el paisaje des\u00e9rtico.\nPor la ma\u00f1ana se despertar\u00e1 renovado y listo para seguir divirti\u00e9ndose en el circuito.<\/p>\n<ul>\n<li><strong>Aire acondicionado y wifi en cada habitaci\u00f3n<\/strong><\/li>\n<li><strong>Paquete de comida y bebidas para grupos previa petici\u00f3n<\/strong><\/li>\n<\/ul>\n \n                <\/div>\n\n                                <div class=\"col-s7e12 pos-sm-2\">\n\n                    \n    <div class=\"fs-slider-container\">\n        <div class=\"fs-slider\">\n                        <div class=\"slider-item\">\n                \n\n<div class=\"fs-media fs-media-ratio-1-1 rounded-corners\">\n    <div class=\"fs-media-item\">\n        <div class=\"fs-media-item-inner\">\n            <img class=\"fs-image\" src=\"https:\/\/andaluciacircuit.com\/wp-content\/uploads\/2025\/10\/1.jpg\" srcset=\"https:\/\/andaluciacircuit.com\/wp-content\/uploads\/2025\/10\/1.jpg 768w, https:\/\/andaluciacircuit.com\/wp-content\/uploads\/2025\/10\/1-512x341.jpg 512w\"  width=\"640\" height=\"426\" alt=\"1\" decoding=\"async\" loading=\"lazy\" >        <\/div>\n    <\/div>\n<\/div>\n\n            <\/div>\n                        <div class=\"slider-item\">\n                \n\n<div class=\"fs-media fs-media-ratio-1-1 rounded-corners\">\n    <div class=\"fs-media-item\">\n        <div class=\"fs-media-item-inner\">\n            <img class=\"fs-image\" src=\"https:\/\/andaluciacircuit.com\/wp-content\/uploads\/2025\/10\/2.jpg\" srcset=\"https:\/\/andaluciacircuit.com\/wp-content\/uploads\/2025\/10\/2.jpg 768w, https:\/\/andaluciacircuit.com\/wp-content\/uploads\/2025\/10\/2.jpg 512w\"  width=\"426\" height=\"640\" alt=\"2\" decoding=\"async\" loading=\"lazy\" >        <\/div>\n    <\/div>\n<\/div>\n\n            <\/div>\n                        <div class=\"slider-item\">\n                \n\n<div class=\"fs-media fs-media-ratio-1-1 rounded-corners\">\n    <div class=\"fs-media-item\">\n        <div class=\"fs-media-item-inner\">\n            <img class=\"fs-image\" src=\"https:\/\/andaluciacircuit.com\/wp-content\/uploads\/2025\/10\/3.jpg\" srcset=\"https:\/\/andaluciacircuit.com\/wp-content\/uploads\/2025\/10\/3.jpg 768w, https:\/\/andaluciacircuit.com\/wp-content\/uploads\/2025\/10\/3-512x341.jpg 512w\"  width=\"640\" height=\"426\" alt=\"3\" decoding=\"async\" loading=\"lazy\" >        <\/div>\n    <\/div>\n<\/div>\n\n            <\/div>\n                        <div class=\"slider-item\">\n                \n\n<div class=\"fs-media fs-media-ratio-1-1 rounded-corners\">\n    <div class=\"fs-media-item\">\n        <div class=\"fs-media-item-inner\">\n            <img class=\"fs-image\" src=\"https:\/\/andaluciacircuit.com\/wp-content\/uploads\/2025\/10\/4.jpg\" srcset=\"https:\/\/andaluciacircuit.com\/wp-content\/uploads\/2025\/10\/4.jpg 768w, https:\/\/andaluciacircuit.com\/wp-content\/uploads\/2025\/10\/4-512x341.jpg 512w\"  width=\"640\" height=\"426\" alt=\"4\" decoding=\"async\" loading=\"lazy\" >        <\/div>\n    <\/div>\n<\/div>\n\n            <\/div>\n                        <div class=\"slider-item\">\n                \n\n<div class=\"fs-media fs-media-ratio-1-1 rounded-corners\">\n    <div class=\"fs-media-item\">\n        <div class=\"fs-media-item-inner\">\n            <img class=\"fs-image\" src=\"https:\/\/andaluciacircuit.com\/wp-content\/uploads\/2025\/10\/5.jpg\" srcset=\"https:\/\/andaluciacircuit.com\/wp-content\/uploads\/2025\/10\/5.jpg 768w, https:\/\/andaluciacircuit.com\/wp-content\/uploads\/2025\/10\/5.jpg 512w\"  width=\"426\" height=\"640\" alt=\"5\" decoding=\"async\" loading=\"lazy\" >        <\/div>\n    <\/div>\n<\/div>\n\n            <\/div>\n                        <div class=\"slider-item\">\n                \n\n<div class=\"fs-media fs-media-ratio-1-1 rounded-corners\">\n    <div class=\"fs-media-item\">\n        <div class=\"fs-media-item-inner\">\n            <img class=\"fs-image\" src=\"https:\/\/andaluciacircuit.com\/wp-content\/uploads\/2025\/10\/6.jpg\" srcset=\"https:\/\/andaluciacircuit.com\/wp-content\/uploads\/2025\/10\/6.jpg 768w, https:\/\/andaluciacircuit.com\/wp-content\/uploads\/2025\/10\/6-512x341.jpg 512w\"  width=\"640\" height=\"426\" alt=\"6\" decoding=\"async\" loading=\"lazy\" >        <\/div>\n    <\/div>\n<\/div>\n\n            <\/div>\n                        <div class=\"slider-item\">\n                \n\n<div class=\"fs-media fs-media-ratio-1-1 rounded-corners\">\n    <div class=\"fs-media-item\">\n        <div class=\"fs-media-item-inner\">\n            <img class=\"fs-image\" src=\"https:\/\/andaluciacircuit.com\/wp-content\/uploads\/2025\/10\/7.jpg\" srcset=\"https:\/\/andaluciacircuit.com\/wp-content\/uploads\/2025\/10\/7.jpg 768w, https:\/\/andaluciacircuit.com\/wp-content\/uploads\/2025\/10\/7-512x341.jpg 512w\"  width=\"640\" height=\"426\" alt=\"7\" decoding=\"async\" loading=\"lazy\" >        <\/div>\n    <\/div>\n<\/div>\n\n            <\/div>\n                        <div class=\"slider-item\">\n                \n\n<div class=\"fs-media fs-media-ratio-1-1 rounded-corners\">\n    <div class=\"fs-media-item\">\n        <div class=\"fs-media-item-inner\">\n            <img class=\"fs-image\" src=\"https:\/\/andaluciacircuit.com\/wp-content\/uploads\/2025\/10\/8.jpg\" srcset=\"https:\/\/andaluciacircuit.com\/wp-content\/uploads\/2025\/10\/8.jpg 768w, https:\/\/andaluciacircuit.com\/wp-content\/uploads\/2025\/10\/8-512x341.jpg 512w\"  width=\"640\" height=\"426\" alt=\"8\" decoding=\"async\" loading=\"lazy\" >        <\/div>\n    <\/div>\n<\/div>\n\n            <\/div>\n                        <div class=\"slider-item\">\n                \n\n<div class=\"fs-media fs-media-ratio-1-1 rounded-corners\">\n    <div class=\"fs-media-item\">\n        <div class=\"fs-media-item-inner\">\n            <img class=\"fs-image\" src=\"https:\/\/andaluciacircuit.com\/wp-content\/uploads\/2025\/10\/9.jpg\" srcset=\"https:\/\/andaluciacircuit.com\/wp-content\/uploads\/2025\/10\/9.jpg 768w, https:\/\/andaluciacircuit.com\/wp-content\/uploads\/2025\/10\/9.jpg 512w\"  width=\"426\" height=\"640\" alt=\"9\" decoding=\"async\" loading=\"lazy\" >        <\/div>\n    <\/div>\n<\/div>\n\n            <\/div>\n                        <div class=\"slider-item\">\n                \n\n<div class=\"fs-media fs-media-ratio-1-1 rounded-corners\">\n    <div class=\"fs-media-item\">\n        <div class=\"fs-media-item-inner\">\n            <img class=\"fs-image\" src=\"https:\/\/andaluciacircuit.com\/wp-content\/uploads\/2025\/10\/10.jpg\" srcset=\"https:\/\/andaluciacircuit.com\/wp-content\/uploads\/2025\/10\/10.jpg 768w, https:\/\/andaluciacircuit.com\/wp-content\/uploads\/2025\/10\/10-512x341.jpg 512w\"  width=\"640\" height=\"426\" alt=\"10\" decoding=\"async\" loading=\"lazy\" >        <\/div>\n    <\/div>\n<\/div>\n\n            <\/div>\n                        <div class=\"slider-item\">\n                \n\n<div class=\"fs-media fs-media-ratio-1-1 rounded-corners\">\n    <div class=\"fs-media-item\">\n        <div class=\"fs-media-item-inner\">\n            <img class=\"fs-image\" src=\"https:\/\/andaluciacircuit.com\/wp-content\/uploads\/2025\/10\/11.jpg\" srcset=\"https:\/\/andaluciacircuit.com\/wp-content\/uploads\/2025\/10\/11.jpg 768w, https:\/\/andaluciacircuit.com\/wp-content\/uploads\/2025\/10\/11-512x341.jpg 512w\"  width=\"640\" height=\"426\" alt=\"11\" decoding=\"async\" loading=\"lazy\" >        <\/div>\n    <\/div>\n<\/div>\n\n            <\/div>\n                    <\/div>\n\n        <div class=\"pseudo-pagination pseudo-pagination-slider\">\n            <a class=\"btn only-icon pseudo-prev is-disabled\" href=\"#\" target=\"_self\">\n                <span class=\"btn-icon on-hover\"><?xml version=\"1.0\" encoding=\"UTF-8\"?>\n<svg xmlns=\"http:\/\/www.w3.org\/2000\/svg\" version=\"1.1\" viewbox=\"0 0 256 256\" fill=\"currentColor\" >\n  <polygon points=\"254.4 128.3 190.6 64.5 190.6 121.8 1.6 121.8 1.6 136.2 190.6 136.2 190.6 191.5 254.4 128.3\"\/>\n<\/svg><\/span>\n                <span class=\"btn-icon\"><?xml version=\"1.0\" encoding=\"UTF-8\"?>\n<svg xmlns=\"http:\/\/www.w3.org\/2000\/svg\" version=\"1.1\" viewbox=\"0 0 256 256\" fill=\"currentColor\" >\n  <polygon points=\"254.4 128.3 190.6 64.5 190.6 121.8 1.6 121.8 1.6 136.2 190.6 136.2 190.6 191.5 254.4 128.3\"\/>\n<\/svg><\/span>\n            <\/a>\n            <a class=\"btn only-icon pseudo-next\" href=\"#\" target=\"_self\">\n                <span class=\"btn-icon on-hover\"><?xml version=\"1.0\" encoding=\"UTF-8\"?>\n<svg xmlns=\"http:\/\/www.w3.org\/2000\/svg\" version=\"1.1\" viewbox=\"0 0 256 256\" fill=\"currentColor\" >\n  <polygon points=\"254.4 128.3 190.6 64.5 190.6 121.8 1.6 121.8 1.6 136.2 190.6 136.2 190.6 191.5 254.4 128.3\"\/>\n<\/svg><\/span>\n                <span class=\"btn-icon\"><?xml version=\"1.0\" encoding=\"UTF-8\"?>\n<svg xmlns=\"http:\/\/www.w3.org\/2000\/svg\" version=\"1.1\" viewbox=\"0 0 256 256\" fill=\"currentColor\" >\n  <polygon points=\"254.4 128.3 190.6 64.5 190.6 121.8 1.6 121.8 1.6 136.2 190.6 136.2 190.6 191.5 254.4 128.3\"\/>\n<\/svg><\/span>\n            <\/a>\n        <\/div>\n\n    <\/div>\n\n \n                                    <\/div>\n                                \n            <\/div>\n\n        <\/div>\n\n    <\/div>\n\n    \n    \n    \n<div class=\"fs-bg-flag fs-bg-flag-bottom-left\">    \n    <img src=\"https:\/\/andaluciacircuit.com\/wp-content\/themes\/fstheme\/assets\/img\/flag.png\" decoding=\"async\" loading=\"lazy\">\n<\/div>\n\n<\/section>","protected":false},"excerpt":{"rendered":"","protected":false},"author":1,"featured_media":0,"parent":0,"menu_order":0,"comment_status":"closed","ping_status":"closed","template":"","meta":{"footnotes":""},"class_list":["post-200","page","type-page","status-publish","hentry"],"acf":[],"_links":{"self":[{"href":"https:\/\/andaluciacircuit.com\/es\/wp-json\/wp\/v2\/pages\/200","targetHints":{"allow":["GET"]}}],"collection":[{"href":"https:\/\/andaluciacircuit.com\/es\/wp-json\/wp\/v2\/pages"}],"about":[{"href":"https:\/\/andaluciacircuit.com\/es\/wp-json\/wp\/v2\/types\/page"}],"author":[{"embeddable":true,"href":"https:\/\/andaluciacircuit.com\/es\/wp-json\/wp\/v2\/users\/1"}],"replies":[{"embeddable":true,"href":"https:\/\/andaluciacircuit.com\/es\/wp-json\/wp\/v2\/comments?post=200"}],"version-history":[{"count":34,"href":"https:\/\/andaluciacircuit.com\/es\/wp-json\/wp\/v2\/pages\/200\/revisions"}],"predecessor-version":[{"id":1238,"href":"https:\/\/andaluciacircuit.com\/es\/wp-json\/wp\/v2\/pages\/200\/revisions\/1238"}],"wp:attachment":[{"href":"https:\/\/andaluciacircuit.com\/es\/wp-json\/wp\/v2\/media?parent=200"}],"curies":[{"name":"wp","href":"https:\/\/api.w.org\/{rel}","templated":true}]}}