{"id":3,"date":"2024-10-24T11:19:41","date_gmt":"2024-10-24T11:19:41","guid":{"rendered":"https:\/\/www.andaluciacircuit.com\/?page_id=3"},"modified":"2024-12-03T10:59:40","modified_gmt":"2024-12-03T10:59:40","slug":"privacy-policy","status":"publish","type":"page","link":"https:\/\/andaluciacircuit.com\/es\/politica-de-confidencialidad\/","title":{"rendered":"Pol\u00edtica de privacidad"},"content":{"rendered":"<section class=\"hero-section section\">\n\n    <div class=\"section-inner page-title\">\n\n        <div class=\"wrapper do-anim\">\n\n        <div class=\"inner-wrapper- inner-wrapper-\">                                \n    <h2 class=\"h2 align-center\">\n                    Pol\u00edtica de privacidad            <\/h2>\n                <\/div>\n            \n        <\/div>\n\n    <\/div>\n\n    \n    \n<\/section>\n\n\n\n\n<section class=\"text-media-section section\">\n\n    <div class=\"section-inner\">\n\n        <div class=\"wrapper\">\n\n            <div class=\"grid-row\">\n\n                <div class=\"col-s1e12\">                    \n                    <h5>Recogida y almacenamiento de datos personales<\/h5>\n<p>Cuando visita nuestro sitio web, s\u00f3lo recogemos los datos personales que su navegador transmite a nuestro servidor. Esto incluye:<\/p>\n<ul>\n<li>Direcci\u00f3n IP<\/li>\n<li>Fecha y hora de la solicitud<\/li>\n<li>Contenido de la solicitud (p\u00e1gina espec\u00edfica)<\/li>\n<li>Estado de acceso\/C\u00f3digo de estado HTTP<\/li>\n<li>Tipo y versi\u00f3n de navegador<\/li>\n<li>Sistema operativo<\/li>\n<li>URL de referencia (la p\u00e1gina visitada anteriormente)<\/li>\n<li>Nombre de host del ordenador de acceso<\/li>\n<\/ul>\n<p>Estos datos son t\u00e9cnicamente necesarios para mostrarle nuestro sitio web y garantizar su estabilidad y seguridad.<\/p>\n<h5><strong>Cookies<\/strong><\/h5>\n<p>Nuestro sitio web utiliza cookies. Se trata de peque\u00f1os archivos de texto que se almacenan en su dispositivo final. Algunas cookies son necesarias para garantizar la funcionalidad del sitio web, otras se utilizan para analizar el comportamiento del usuario.<\/p>\n<p>Puede evitar en cualquier momento que se instalen cookies en la configuraci\u00f3n de su navegador o eliminar las que ya se hayan guardado. Sin embargo, esto puede provocar que algunas funciones del sitio web queden restringidas o no est\u00e9n disponibles.<\/p>\n<h5>Finalidad del tratamiento de datos<\/h5>\n<p>Tratamos sus datos para:<\/p>\n<ul>\n<li>garantizar el correcto funcionamiento del sitio web<\/li>\n<li>mejorar la facilidad de uso de nuestro sitio web<\/li>\n<li>reconocer y rectificar posibles fallos de funcionamiento.<\/li>\n<\/ul>\n<h5>Transferencia de datos<\/h5>\n<p>S\u00f3lo transmitimos sus datos personales a terceros si:<\/p>\n<ul>\n<li>Usted ha dado su consentimiento expreso a este ,<\/li>\n<li>es legalmente admisible y necesario (por ejemplo, para cumplir obligaciones contractuales)<\/li>\n<li>estamos legalmente obligados a hacerlo.<\/li>\n<\/ul>\n<h5>Derechos de los interesados<\/h5>\n<p>Tienes derecho a:<\/p>\n<ul>\n<li>solicitar informaci\u00f3n sobre sus datos personales tratados por nosotros,<\/li>\n<li>exigir la correcci\u00f3n inmediata de datos personales incorrectos o incompletos almacenados por nosotros<\/li>\n<li>solicitar la supresi\u00f3n de sus datos personales almacenados por nosotros<\/li>\n<li>solicitar la limitaci\u00f3n del tratamiento de sus datos personales,<\/li>\n<li>recibir sus datos personales en un formato estructurado, de uso com\u00fan y lectura mec\u00e1nica, o solicitar que se transmitan a otro responsable del tratamiento<\/li>\n<li>oponerse al tratamiento.<\/li>\n<\/ul>\n<p>Para ejercer sus derechos, p\u00f3ngase en contacto con nosotros en la direcci\u00f3n arriba indicada.<\/p>\n<h5>Seguridad de los datos<\/h5>\n<p>Utilizamos medidas t\u00e9cnicas y organizativas para proteger sus datos contra manipulaci\u00f3n, p\u00e9rdida o acceso no autorizado. Estas medidas se revisan y adaptan peri\u00f3dicamente en funci\u00f3n de los avances tecnol\u00f3gicos.<\/p>\n<h5>Cambios en la pol\u00edtica de privacidad<\/h5>\n<p>Nos reservamos el derecho a modificar esta pol\u00edtica de privacidad para cumplir siempre con los requisitos legales vigentes o para aplicar cambios en nuestros servicios.<\/p>\n \n                <\/div>\n\n                                \n            <\/div>\n\n        <\/div>\n\n    <\/div>\n\n    \n    \n    \n<\/section>","protected":false},"excerpt":{"rendered":"","protected":false},"author":1,"featured_media":0,"parent":0,"menu_order":0,"comment_status":"closed","ping_status":"open","template":"","meta":{"footnotes":""},"class_list":["post-3","page","type-page","status-publish","hentry"],"acf":[],"_links":{"self":[{"href":"https:\/\/andaluciacircuit.com\/es\/wp-json\/wp\/v2\/pages\/3","targetHints":{"allow":["GET"]}}],"collection":[{"href":"https:\/\/andaluciacircuit.com\/es\/wp-json\/wp\/v2\/pages"}],"about":[{"href":"https:\/\/andaluciacircuit.com\/es\/wp-json\/wp\/v2\/types\/page"}],"author":[{"embeddable":true,"href":"https:\/\/andaluciacircuit.com\/es\/wp-json\/wp\/v2\/users\/1"}],"replies":[{"embeddable":true,"href":"https:\/\/andaluciacircuit.com\/es\/wp-json\/wp\/v2\/comments?post=3"}],"version-history":[{"count":8,"href":"https:\/\/andaluciacircuit.com\/es\/wp-json\/wp\/v2\/pages\/3\/revisions"}],"predecessor-version":[{"id":930,"href":"https:\/\/andaluciacircuit.com\/es\/wp-json\/wp\/v2\/pages\/3\/revisions\/930"}],"wp:attachment":[{"href":"https:\/\/andaluciacircuit.com\/es\/wp-json\/wp\/v2\/media?parent=3"}],"curies":[{"name":"wp","href":"https:\/\/api.w.org\/{rel}","templated":true}]}}