{"id":933,"date":"2024-12-03T11:11:11","date_gmt":"2024-12-03T11:11:11","guid":{"rendered":"https:\/\/andaluciacircuit.com\/?page_id=933"},"modified":"2024-12-03T12:01:01","modified_gmt":"2024-12-03T12:01:01","slug":"legal-note","status":"publish","type":"page","link":"https:\/\/andaluciacircuit.com\/es\/imprimir\/","title":{"rendered":"Nota legal"},"content":{"rendered":"<section class=\"hero-section section\">\n\n    <div class=\"section-inner page-title\">\n\n        <div class=\"wrapper do-anim\">\n\n        <div class=\"inner-wrapper- inner-wrapper-\">                                \n    <h1 class=\"h2 align-center\">\n                    Nota legal            <\/h1>\n                <\/div>\n            \n        <\/div>\n\n    <\/div>\n\n    \n    \n<\/section>\n\n\n\n\n<section class=\"text-media-section section\">\n\n    <div class=\"section-inner\">\n\n        <div class=\"wrapper\">\n\n            <div class=\"grid-row\">\n\n                <div class=\"col-s1e12\">                    \n                    <h5>Responsable de las p\u00e1ginas y contenidos de este sitio web:<\/h5>\n<p>Olivier Muytjens<br \/>\nRue D'Aix 64<br \/>\n4850 Moresnet<\/p>\n<p>Correo electr\u00f3nico: olivier[a]andaluciacircuit.com<\/p>\n<h5 class=\"wp-block-heading\"><strong>Alojamiento web \/ Centro de datos<\/strong><\/h5>\n<p><strong>Ionos<br \/>\n<\/strong><span class=\"BxUVEf ILfuVd\" lang=\"de\"><span class=\"hgKElc\">Elgendorfer Str. 57,<br \/>\n<\/span><\/span><span class=\"BxUVEf ILfuVd\" lang=\"de\"><span class=\"hgKElc\">56410 Montabaur<br \/>\n<\/span><\/span>Deutschland<\/p>\n<h5><strong>Copyright<\/strong><\/h5>\n<p>Todos los contenidos de este sitio web (datos, ilustraciones, im\u00e1genes, gr\u00e1ficos, logotipos, descripciones de productos, etc.) est\u00e1n protegidos por derechos de autor. Todos los nombres de empresas y marcas, as\u00ed como sus marcas registradas, son propiedad de sus due\u00f1os y sirven \u00fanicamente para identificar y describir los productos.<\/p>\n<h5><strong>Descargo de responsabilidad<\/strong><\/h5>\n<p>Toda la informaci\u00f3n de este sitio web ha sido cuidadosamente investigada. No obstante, el editor no se hace responsable de la exactitud de la informaci\u00f3n facilitada. A pesar del cuidadoso control del contenido, no asumimos ninguna responsabilidad por el contenido de los enlaces externos. Los operadores de las p\u00e1ginas enlazadas son los \u00fanicos responsables de su contenido. Si observa alg\u00fan error o informaci\u00f3n incorrecta en este sitio web, le rogamos que nos lo comunique por escrito.<\/p>\n \n                <\/div>\n\n                                \n            <\/div>\n\n        <\/div>\n\n    <\/div>\n\n    \n    \n    \n<\/section>","protected":false},"excerpt":{"rendered":"","protected":false},"author":1,"featured_media":0,"parent":0,"menu_order":0,"comment_status":"closed","ping_status":"closed","template":"","meta":{"footnotes":""},"class_list":["post-933","page","type-page","status-publish","hentry"],"acf":[],"_links":{"self":[{"href":"https:\/\/andaluciacircuit.com\/es\/wp-json\/wp\/v2\/pages\/933","targetHints":{"allow":["GET"]}}],"collection":[{"href":"https:\/\/andaluciacircuit.com\/es\/wp-json\/wp\/v2\/pages"}],"about":[{"href":"https:\/\/andaluciacircuit.com\/es\/wp-json\/wp\/v2\/types\/page"}],"author":[{"embeddable":true,"href":"https:\/\/andaluciacircuit.com\/es\/wp-json\/wp\/v2\/users\/1"}],"replies":[{"embeddable":true,"href":"https:\/\/andaluciacircuit.com\/es\/wp-json\/wp\/v2\/comments?post=933"}],"version-history":[{"count":4,"href":"https:\/\/andaluciacircuit.com\/es\/wp-json\/wp\/v2\/pages\/933\/revisions"}],"predecessor-version":[{"id":938,"href":"https:\/\/andaluciacircuit.com\/es\/wp-json\/wp\/v2\/pages\/933\/revisions\/938"}],"wp:attachment":[{"href":"https:\/\/andaluciacircuit.com\/es\/wp-json\/wp\/v2\/media?parent=933"}],"curies":[{"name":"wp","href":"https:\/\/api.w.org\/{rel}","templated":true}]}}