{"id":192,"date":"2024-10-24T11:32:12","date_gmt":"2024-10-24T11:32:12","guid":{"rendered":"https:\/\/www.andaluciacircuit.com\/?page_id=192"},"modified":"2024-11-25T14:58:50","modified_gmt":"2024-11-25T14:58:50","slug":"the-circuit","status":"publish","type":"page","link":"https:\/\/andaluciacircuit.com\/fr\/le-circuit\/","title":{"rendered":"Le circuit"},"content":{"rendered":"<section class=\"hero-section section section-height-auto\">\n\n    <div class=\"section-inner page-title\">\n\n        <div class=\"wrapper do-anim\">\n\n                        \n    <span class=\"h6 superline align-center\">\n                    D\u00e9tails du circuit            <\/span>\n                \n    <h1 class=\"h1 align-center\">\n                    Le circuit            <\/h1>\n                \n            \n        <\/div>\n\n    <\/div>\n\n    \n<div class=\"fs-bg\">\n    <div class=\"fs-bg-el phat-parallax has-overlay overlay-full\">\n        <img class=\"fs-image\" src=\"https:\/\/andaluciacircuit.com\/wp-content\/uploads\/2024\/10\/header-andalucia-circuit-racing-track.webp\" srcset=\"https:\/\/andaluciacircuit.com\/wp-content\/uploads\/2024\/10\/header-andalucia-circuit-racing-track.webp 1680w, https:\/\/andaluciacircuit.com\/wp-content\/uploads\/2024\/10\/header-andalucia-circuit-racing-track-1440x613.webp 1440w, https:\/\/andaluciacircuit.com\/wp-content\/uploads\/2024\/10\/header-andalucia-circuit-racing-track-1024x436.webp 1024w, https:\/\/andaluciacircuit.com\/wp-content\/uploads\/2024\/10\/header-andalucia-circuit-racing-track-768x327.webp 768w, https:\/\/andaluciacircuit.com\/wp-content\/uploads\/2024\/10\/header-andalucia-circuit-racing-track-512x218.webp 512w\"  width=\"1920\" height=\"817\" alt=\"en-t\u00eate-andalucia-circuit-racing-track\" decoding=\"async\" loading=\"lazy\" >    <\/div>\n        <\/div>\n\n    \n<\/section>\n\n\n\n\n<section class=\"text-media-section section text-dark\">\n\n    <div class=\"section-inner\">\n\n        <div class=\"wrapper\">\n\n            <div class=\"grid-row\">\n\n                <div class=\"col-s2e11 do-anim\">                    \n                    <div class=\"fs-grid fs-grid-justify-center grid-infoboxes grid-infoboxes-large fs-grid-col-6\">\n        <div class=\"grid-item infobox-item align-center\">\n                        <div class=\"infobox-title h3 colored\">5020m<\/div>        <p class=\"infobox-text colored\">Longueur totale<\/p>            <\/div>\n        <div class=\"grid-item infobox-item align-center\">\n                        <div class=\"infobox-title h3 colored\">12m<\/div>        <p class=\"infobox-text colored\">Largeur de piste<\/p>            <\/div>\n        <div class=\"grid-item infobox-item align-center\">\n                        <div class=\"infobox-title h3 colored\">17<\/div>        <p class=\"infobox-text colored\">VIRAGES<\/p>            <\/div>\n        <div class=\"grid-item infobox-item align-center\">\n                        <div class=\"infobox-title h3 colored\">8000m\u00b2<\/div>        <p class=\"infobox-text colored\">Paddock<\/p>            <\/div>\n        <div class=\"grid-item infobox-item align-center\">\n                        <div class=\"infobox-title h3 colored\">32<\/div>        <p class=\"infobox-text colored\">Box<\/p>            <\/div>\n    <\/div>\n\n<div class=\"fs-spacer-large\"><\/div>\n    <h3 class=\"h3 align-center\">\n                    LE SITE EUROP\u00c9EN\nPR\u00c9SENTANT LE PLUS D\u2019HEURES D\u2019ENSOLEILLEMENT\nET LE MOINS DE PLUVIOSIT\u00c9 PAR AN            <\/h3>\n<p style=\"text-align: center;\" class=\" translation-block\">Notre ANDALUCIA CIRCUIT de 5\u00a0kilom\u00e8tres est situ\u00e9 \u00e0 Tabernas,\nnich\u00e9 entre des montagnes spectaculaires et des plantations d\u2019oliviers locales.\nAvec 9\u00a0virages \u00e0 droite, 8\u00a0virages \u00e0 gauche et des variations d\u2019altitude \u00e0 chaque tour\nde piste, Andalucia Circuit est r\u00e9put\u00e9 pour sa dose de challenges. Chaque tour de piste vous mettra \u00e0 l\u2019\u00e9preuve avec des mont\u00e9es et des descentes,\nainsi qu\u2019avec la ligne droite la plus longue de tous les circuits d\u2019Espagne avec sa longueur totale de 1\u00a0060\u00a0m\u00e8tres.<\/p>\n<p style=\"text-align: center;\"><strong>A\u00c9ROPORTS \u00c0 PROXIMIT\u00c9 :<\/strong><br \/>\nAlmeria : 30 minutes<br \/>\nMurcie : 90 minutes<br \/>\nAlicante : 120 minutes<br \/>\nMalaga : 140 minutes<\/p>\n<p style=\"text-align: center;\">De septembre \u00e0 mai, le Circuit est id\u00e9al pour les essais, les trackdays et les \u00e9v\u00e8nements de lancement de produits. Le MotoGP,\nLe Mans, les Formula Teams, les entreprises de pneumatiques, le WEC, le DTM, le WTCC et le WSDK choisissent Andalucia Circuit pour le plaisir, pour les essais\nainsi que pour son environnement id\u00e9al pour les \u00e9v\u00e8nements.<\/p>\n<p style=\"text-align: center;\"><strong>UN CIEL BLEU ET UNE ANN\u00c9E PRESQUE SANS PLUIE\u00a0: L\u2019ENVIRONNEMENT DONT VOUS AVEZ BESOIN.<\/strong><\/p>\n<p style=\"text-align: center;\">Lorsque vous aurez parcouru notre circuit automobile, vous comprendrez pourquoi personne ne peut s\u2019emp\u00eacher d\u2019y revenir.<br \/>\n<strong>Le soleil est toujours pr\u00e9sent sur l\u2019Andalucia Circuit\u00a0!<\/strong><\/p>\n \n                <\/div>\n\n                                \n            <\/div>\n\n        <\/div>\n\n    <\/div>\n\n    \n<div class=\"fs-bg fs-bg-color\">\n    <div class=\"fs-bg-el fs-bg-el-white\">\n            <\/div>\n        <\/div>\n\n    \n    \n<div class=\"fs-bg-flag fs-bg-flag-top-right\">    \n    <img src=\"https:\/\/andaluciacircuit.com\/wp-content\/themes\/fstheme\/assets\/img\/flag.png\" decoding=\"async\" loading=\"lazy\">\n<\/div>\n\n<\/section>\n\n\n\n\n\n\n\n\n\n<section class=\"carousel-section section text-dark no-top-spacing no-bottom-spacing sectionoverlap\">\n\n    <div class=\"section-inner\">\n\n        <div class=\"wrapper\">\n\n            <div class=\"grid-row\">\n                <div class=\"col-s1e8\">\n\n                                                                                \n                <\/div>\n\n                <div class=\"col-s9e12 align-right pseudo-pagination-col\">\n                    <div class=\"pseudo-pagination pseudo-pagination-slider\">\n                        <a class=\"btn only-icon pseudo-prev is-disabled\" href=\"#\" target=\"_self\">\n                            <span class=\"btn-icon on-hover\"><?xml version=\"1.0\" encoding=\"UTF-8\"?>\n<svg xmlns=\"http:\/\/www.w3.org\/2000\/svg\" version=\"1.1\" viewbox=\"0 0 256 256\" fill=\"currentColor\" >\n  <polygon points=\"254.4 128.3 190.6 64.5 190.6 121.8 1.6 121.8 1.6 136.2 190.6 136.2 190.6 191.5 254.4 128.3\"\/>\n<\/svg><\/span>\n                            <span class=\"btn-icon\"><?xml version=\"1.0\" encoding=\"UTF-8\"?>\n<svg xmlns=\"http:\/\/www.w3.org\/2000\/svg\" version=\"1.1\" viewbox=\"0 0 256 256\" fill=\"currentColor\" >\n  <polygon points=\"254.4 128.3 190.6 64.5 190.6 121.8 1.6 121.8 1.6 136.2 190.6 136.2 190.6 191.5 254.4 128.3\"\/>\n<\/svg><\/span>\n                        <\/a>\n                        <a class=\"btn only-icon pseudo-next\" href=\"#\" target=\"_self\">\n                            <span class=\"btn-icon on-hover\"><?xml version=\"1.0\" encoding=\"UTF-8\"?>\n<svg xmlns=\"http:\/\/www.w3.org\/2000\/svg\" version=\"1.1\" viewbox=\"0 0 256 256\" fill=\"currentColor\" >\n  <polygon points=\"254.4 128.3 190.6 64.5 190.6 121.8 1.6 121.8 1.6 136.2 190.6 136.2 190.6 191.5 254.4 128.3\"\/>\n<\/svg><\/span>\n                            <span class=\"btn-icon\"><?xml version=\"1.0\" encoding=\"UTF-8\"?>\n<svg xmlns=\"http:\/\/www.w3.org\/2000\/svg\" version=\"1.1\" viewbox=\"0 0 256 256\" fill=\"currentColor\" >\n  <polygon points=\"254.4 128.3 190.6 64.5 190.6 121.8 1.6 121.8 1.6 136.2 190.6 136.2 190.6 191.5 254.4 128.3\"\/>\n<\/svg><\/span>\n                        <\/a>\n                    <\/div>\n                <\/div>   \n\n             <\/div>\n\n          \n            <div class=\"grid-row grid-row-slider\">\n                <div class=\"col-s1e12 fs-grid fs-grid-col-3 fs-grid-slider\">\n                                            <div class=\"grid-item carousel-item\" style=\"--item-index: 1;\">\n                            \n\n<div class=\"fs-media fs-media-ratio-7-8 rounded-corners do-anim\">\n    <div class=\"fs-media-item\">\n        <div class=\"fs-media-item-inner\">\n            <img class=\"fs-image\" src=\"https:\/\/andaluciacircuit.com\/wp-content\/uploads\/2024\/10\/01-andalucia-circuit-facilities-768x581.webp\" srcset=\"https:\/\/andaluciacircuit.com\/wp-content\/uploads\/2024\/10\/01-andalucia-circuit-facilities-768x581.webp 768w, https:\/\/andaluciacircuit.com\/wp-content\/uploads\/2024\/10\/01-andalucia-circuit-facilities-512x387.webp 512w\"  width=\"768\" height=\"581\" alt=\"01-andalucia-circuit-facilities\" decoding=\"async\" loading=\"lazy\" >        <\/div>\n    <\/div>\n<\/div>\n\n                        <\/div>\n                                            <div class=\"grid-item carousel-item\" style=\"--item-index: 2;\">\n                            \n\n<div class=\"fs-media fs-media-ratio-7-8 rounded-corners do-anim\">\n    <div class=\"fs-media-item\">\n        <div class=\"fs-media-item-inner\">\n            <img class=\"fs-image\" src=\"https:\/\/andaluciacircuit.com\/wp-content\/uploads\/2024\/10\/02-andalucia-circuit-track-768x581.webp\" srcset=\"https:\/\/andaluciacircuit.com\/wp-content\/uploads\/2024\/10\/02-andalucia-circuit-track-768x581.webp 768w, https:\/\/andaluciacircuit.com\/wp-content\/uploads\/2024\/10\/02-andalucia-circuit-track-512x387.webp 512w\"  width=\"768\" height=\"581\" alt=\"02-andalucia-circuit-track\" decoding=\"async\" loading=\"lazy\" >        <\/div>\n    <\/div>\n<\/div>\n\n                        <\/div>\n                                            <div class=\"grid-item carousel-item\" style=\"--item-index: 3;\">\n                            \n\n<div class=\"fs-media fs-media-ratio-7-8 rounded-corners do-anim\">\n    <div class=\"fs-media-item\">\n        <div class=\"fs-media-item-inner\">\n            <img class=\"fs-image\" src=\"https:\/\/andaluciacircuit.com\/wp-content\/uploads\/2024\/10\/03-andalucia-circuit-track-768x581.webp\" srcset=\"https:\/\/andaluciacircuit.com\/wp-content\/uploads\/2024\/10\/03-andalucia-circuit-track-768x581.webp 768w, https:\/\/andaluciacircuit.com\/wp-content\/uploads\/2024\/10\/03-andalucia-circuit-track-512x387.webp 512w\"  width=\"768\" height=\"581\" alt=\"03-andalucia-circuit-track\" decoding=\"async\" loading=\"lazy\" >        <\/div>\n    <\/div>\n<\/div>\n\n                        <\/div>\n                                            <div class=\"grid-item carousel-item\" style=\"--item-index: 4;\">\n                            \n\n<div class=\"fs-media fs-media-ratio-7-8 rounded-corners do-anim\">\n    <div class=\"fs-media-item\">\n        <div class=\"fs-media-item-inner\">\n            <img class=\"fs-image\" src=\"https:\/\/andaluciacircuit.com\/wp-content\/uploads\/2024\/10\/04-andalucia-circuit-track-768x575.webp\" srcset=\"https:\/\/andaluciacircuit.com\/wp-content\/uploads\/2024\/10\/04-andalucia-circuit-track-768x575.webp 768w, https:\/\/andaluciacircuit.com\/wp-content\/uploads\/2024\/10\/04-andalucia-circuit-track-512x384.webp 512w\"  width=\"768\" height=\"575\" alt=\"04-andalucia-circuit-track\" decoding=\"async\" loading=\"lazy\" >        <\/div>\n    <\/div>\n<\/div>\n\n                        <\/div>\n                                    <\/div>\n            <\/div> \n\n        <\/div>\n    <\/div>\n\n    \n<div class=\"fs-bg fs-bg-color\">\n    <div class=\"fs-bg-el fs-bg-el-white\">\n            <\/div>\n        <\/div>\n\n    \n    \n<\/section>\n\n\n\n\n<section class=\"text-media-section section\">\n\n    <div class=\"section-inner\">\n\n        <div class=\"wrapper\">\n\n            <div class=\"grid-row\">\n\n                <div class=\"col-s3e10\">                    \n                    \n    <h3 class=\"h3 align-center translation-block\">DIVERS TRAC\u00c9S DE CIRCUIT\nPOUR TOUS VOS BESOINS<\/h3>\n\n\n<div class=\"fs-media fs-media-ratio-auto rounded-corners do-anim\">\n    <div class=\"fs-media-item\">\n        <div class=\"fs-media-item-inner\">\n            <img class=\"fs-image\" src=\"https:\/\/andaluciacircuit.com\/wp-content\/uploads\/2024\/10\/andalucia-circuit-layouts-1024x670.webp\" srcset=\"https:\/\/andaluciacircuit.com\/wp-content\/uploads\/2024\/10\/andalucia-circuit-layouts-1024x670.webp 1024w, https:\/\/andaluciacircuit.com\/wp-content\/uploads\/2024\/10\/andalucia-circuit-layouts-768x503.webp 768w, https:\/\/andaluciacircuit.com\/wp-content\/uploads\/2024\/10\/andalucia-circuit-layouts-512x335.webp 512w\"  width=\"1024\" height=\"670\" alt=\"sch\u00e9mas de circuit d&#039;andalousie\" decoding=\"async\" loading=\"lazy\" >        <\/div>\n    <\/div>\n<\/div>\n\n \n                <\/div>\n\n                                \n            <\/div>\n\n        <\/div>\n\n    <\/div>\n\n    \n    \n    \n<\/section>\n\n\n\n\n\n\n\n\n\n<section class=\"text-media-section section text-dark\">\n\n    <div class=\"section-inner\">\n\n        <div class=\"wrapper\">\n\n            <div class=\"grid-row\">\n\n                <div class=\"col-s1e12 do-anim\">                    \n                    \n    <h3 class=\"h3 align-center\">\n                    IL Y A TOUT CE DONT VOUS AVEZ BESOIN\u00a0            <\/h3>\n<div class=\"fs-grid fs-grid-justify-center grid-infoboxes grid-infoboxes-default fs-grid-col-6\">\n        <div class=\"grid-item infobox-item align-center\">\n        <span class=\"infobox-icon\"><?xml version=\"1.0\" encoding=\"UTF-8\"?>\n<svg id=\"Ebene_1\" data-name=\"Ebene 1\" xmlns=\"http:\/\/www.w3.org\/2000\/svg\" version=\"1.1\" viewbox=\"0 0 255.1 255.1\" fill=\"currentColor\">\n  <path d=\"M104.6,152.4c20.7-20.7,41-41.1,61.3-61.5,12.5-12.5,24.9-25,37.5-37.4,10.3-10.1,24.1-10.7,33.5-1.6,9.9,9.6,10.3,23.8,0,34.2-38.3,38.6-76.7,77.1-115.2,115.3-11.2,11.1-24,10.9-35.4-.3-22.8-22.5-45.5-45.2-68-68-9.8-9.9-10-24.6-1.1-33.7,9-9.3,24.3-9.2,34.4.7,17.5,17,34.7,34.3,53,52.3Z\"\/>\n<\/svg><\/span>                <div class=\"infobox-title\">RESTAURANT<\/div>                    <\/div>\n        <div class=\"grid-item infobox-item align-center\">\n        <span class=\"infobox-icon\"><?xml version=\"1.0\" encoding=\"UTF-8\"?>\n<svg id=\"Ebene_1\" data-name=\"Ebene 1\" xmlns=\"http:\/\/www.w3.org\/2000\/svg\" version=\"1.1\" viewbox=\"0 0 255.1 255.1\" fill=\"currentColor\">\n  <path d=\"M104.6,152.4c20.7-20.7,41-41.1,61.3-61.5,12.5-12.5,24.9-25,37.5-37.4,10.3-10.1,24.1-10.7,33.5-1.6,9.9,9.6,10.3,23.8,0,34.2-38.3,38.6-76.7,77.1-115.2,115.3-11.2,11.1-24,10.9-35.4-.3-22.8-22.5-45.5-45.2-68-68-9.8-9.9-10-24.6-1.1-33.7,9-9.3,24.3-9.2,34.4.7,17.5,17,34.7,34.3,53,52.3Z\"\/>\n<\/svg><\/span>                <div class=\"infobox-title\">Salle de presse<\/div>                    <\/div>\n        <div class=\"grid-item infobox-item align-center\">\n        <span class=\"infobox-icon\"><?xml version=\"1.0\" encoding=\"UTF-8\"?>\n<svg id=\"Ebene_1\" data-name=\"Ebene 1\" xmlns=\"http:\/\/www.w3.org\/2000\/svg\" version=\"1.1\" viewbox=\"0 0 255.1 255.1\" fill=\"currentColor\">\n  <path d=\"M104.6,152.4c20.7-20.7,41-41.1,61.3-61.5,12.5-12.5,24.9-25,37.5-37.4,10.3-10.1,24.1-10.7,33.5-1.6,9.9,9.6,10.3,23.8,0,34.2-38.3,38.6-76.7,77.1-115.2,115.3-11.2,11.1-24,10.9-35.4-.3-22.8-22.5-45.5-45.2-68-68-9.8-9.9-10-24.6-1.1-33.7,9-9.3,24.3-9.2,34.4.7,17.5,17,34.7,34.3,53,52.3Z\"\/>\n<\/svg><\/span>                <div class=\"infobox-title\">H\u00f4pital<\/div>                    <\/div>\n        <div class=\"grid-item infobox-item align-center\">\n        <span class=\"infobox-icon\"><?xml version=\"1.0\" encoding=\"UTF-8\"?>\n<svg id=\"Ebene_1\" data-name=\"Ebene 1\" xmlns=\"http:\/\/www.w3.org\/2000\/svg\" version=\"1.1\" viewbox=\"0 0 255.1 255.1\" fill=\"currentColor\">\n  <path d=\"M104.6,152.4c20.7-20.7,41-41.1,61.3-61.5,12.5-12.5,24.9-25,37.5-37.4,10.3-10.1,24.1-10.7,33.5-1.6,9.9,9.6,10.3,23.8,0,34.2-38.3,38.6-76.7,77.1-115.2,115.3-11.2,11.1-24,10.9-35.4-.3-22.8-22.5-45.5-45.2-68-68-9.8-9.9-10-24.6-1.1-33.7,9-9.3,24.3-9.2,34.4.7,17.5,17,34.7,34.3,53,52.3Z\"\/>\n<\/svg><\/span>                <div class=\"infobox-title\">Tour de contr\u00f4le<\/div>                    <\/div>\n        <div class=\"grid-item infobox-item align-center\">\n        <span class=\"infobox-icon\"><?xml version=\"1.0\" encoding=\"UTF-8\"?>\n<svg id=\"Ebene_1\" data-name=\"Ebene 1\" xmlns=\"http:\/\/www.w3.org\/2000\/svg\" version=\"1.1\" viewbox=\"0 0 255.1 255.1\" fill=\"currentColor\">\n  <path d=\"M104.6,152.4c20.7-20.7,41-41.1,61.3-61.5,12.5-12.5,24.9-25,37.5-37.4,10.3-10.1,24.1-10.7,33.5-1.6,9.9,9.6,10.3,23.8,0,34.2-38.3,38.6-76.7,77.1-115.2,115.3-11.2,11.1-24,10.9-35.4-.3-22.8-22.5-45.5-45.2-68-68-9.8-9.9-10-24.6-1.1-33.7,9-9.3,24.3-9.2,34.4.7,17.5,17,34.7,34.3,53,52.3Z\"\/>\n<\/svg><\/span>                <div class=\"infobox-title\">Bureaux<\/div>                    <\/div>\n    <\/div>\n\n \n                <\/div>\n\n                                \n            <\/div>\n\n        <\/div>\n\n    <\/div>\n\n    \n<div class=\"fs-bg fs-bg-color\">\n    <div class=\"fs-bg-el fs-bg-el-white\">\n            <\/div>\n        <\/div>\n\n    \n    \n<\/section>","protected":false},"excerpt":{"rendered":"","protected":false},"author":1,"featured_media":0,"parent":0,"menu_order":0,"comment_status":"closed","ping_status":"closed","template":"","meta":{"footnotes":""},"class_list":["post-192","page","type-page","status-publish","hentry"],"acf":[],"_links":{"self":[{"href":"https:\/\/andaluciacircuit.com\/fr\/wp-json\/wp\/v2\/pages\/192","targetHints":{"allow":["GET"]}}],"collection":[{"href":"https:\/\/andaluciacircuit.com\/fr\/wp-json\/wp\/v2\/pages"}],"about":[{"href":"https:\/\/andaluciacircuit.com\/fr\/wp-json\/wp\/v2\/types\/page"}],"author":[{"embeddable":true,"href":"https:\/\/andaluciacircuit.com\/fr\/wp-json\/wp\/v2\/users\/1"}],"replies":[{"embeddable":true,"href":"https:\/\/andaluciacircuit.com\/fr\/wp-json\/wp\/v2\/comments?post=192"}],"version-history":[{"count":39,"href":"https:\/\/andaluciacircuit.com\/fr\/wp-json\/wp\/v2\/pages\/192\/revisions"}],"predecessor-version":[{"id":849,"href":"https:\/\/andaluciacircuit.com\/fr\/wp-json\/wp\/v2\/pages\/192\/revisions\/849"}],"wp:attachment":[{"href":"https:\/\/andaluciacircuit.com\/fr\/wp-json\/wp\/v2\/media?parent=192"}],"curies":[{"name":"wp","href":"https:\/\/api.w.org\/{rel}","templated":true}]}}