{"id":198,"date":"2024-10-24T11:33:18","date_gmt":"2024-10-24T11:33:18","guid":{"rendered":"https:\/\/www.andaluciacircuit.com\/?page_id=198"},"modified":"2024-11-25T14:59:31","modified_gmt":"2024-11-25T14:59:31","slug":"incentive-events","status":"publish","type":"page","link":"https:\/\/andaluciacircuit.com\/fr\/evenements-incitatifs\/","title":{"rendered":"Motivation\/\u00c9v\u00e8nements"},"content":{"rendered":"<section class=\"hero-section section section-height-auto\">\n\n    <div class=\"section-inner page-title\">\n\n        <div class=\"wrapper do-anim\">\n\n                        \n    <span class=\"h6 superline align-center\">\n                    Business            <\/span>\n                \n    <h1 class=\"h1 align-center\">\n                    Organisez votre \u00e9v\u00e9nement            <\/h1>\n                \n            \n        <\/div>\n\n    <\/div>\n\n    \n<div class=\"fs-bg\">\n    <div class=\"fs-bg-el phat-parallax has-overlay overlay-full\">\n        <img class=\"fs-image\" src=\"https:\/\/andaluciacircuit.com\/wp-content\/uploads\/2024\/10\/01-andalucia-circuit-facilities.webp\" srcset=\"https:\/\/andaluciacircuit.com\/wp-content\/uploads\/2024\/10\/01-andalucia-circuit-facilities.webp 1680w, https:\/\/andaluciacircuit.com\/wp-content\/uploads\/2024\/10\/01-andalucia-circuit-facilities.webp 1440w, https:\/\/andaluciacircuit.com\/wp-content\/uploads\/2024\/10\/01-andalucia-circuit-facilities-1024x774.webp 1024w, https:\/\/andaluciacircuit.com\/wp-content\/uploads\/2024\/10\/01-andalucia-circuit-facilities-768x581.webp 768w, https:\/\/andaluciacircuit.com\/wp-content\/uploads\/2024\/10\/01-andalucia-circuit-facilities-512x387.webp 512w\"  width=\"1226\" height=\"927\" alt=\"01-andalucia-circuit-facilities\" decoding=\"async\" loading=\"lazy\" >    <\/div>\n        <\/div>\n\n    \n<\/section>\n\n\n\n\n<section class=\"text-media-section section text-dark\">\n\n    <div class=\"section-inner\">\n\n        <div class=\"wrapper\">\n\n            <div class=\"grid-row\">\n\n                <div class=\"col-s7e12 pos-2 pos-sm-1\">                    \n                    \n    <h2 class=\"h4 align-left translation-block\">UN SITE DANS UN\nENVIRONNEMENT EXCEPTIONNEL,\nENTOUR\u00c9 DE PAYSAGES\n\u00c9POUSTOUFLANTS<\/h2>\n<p>\u00c9blouissez vos invit\u00e9s en organisant votre \u00e9v\u00e8nement sur le plus beau\ncircuit du monde\u00a0!<\/p>\n<p>Nous avons des installations modernes et confortables\npouvant accueillir plus de 300\u00a0personnes \u00e0 un emplacement\nstrat\u00e9gique surplombant le circuit.<\/p>\n<p>Notre restaurant est l\u2019endroit id\u00e9al pour tous les types d\u2019\u00e9v\u00e8nements,\nil peut \u00e9galement servir de salle de pr\u00e9sentation pour votre v\u00e9hicule<\/p>\n<p class=\"p-btn align-left\">\n<a class=\"btn  btn-normal\" href=\"https:\/\/andaluciacircuit.com\/fr\/contact\/\" target=\"\" >\n        <span class=\"btn-icon on-hover\"><?xml version=\"1.0\" encoding=\"UTF-8\"?>\n<svg xmlns=\"http:\/\/www.w3.org\/2000\/svg\" version=\"1.1\" viewbox=\"0 0 231.8 89.5\" fill=\"currentColor\" >\n  <polygon points=\"228.8 44.5 200.3 16 200.3 41.6 3 41.6 3 48 200.3 48 200.3 72.7 228.8 44.5\"\/>\n<\/svg><\/span>\n        <span class=\"btn-text\">\n        <span>SE RENSEIGNER MAINTENANT<\/span>\n    <\/span>\n        <span class=\"btn-icon\"><?xml version=\"1.0\" encoding=\"UTF-8\"?>\n<svg xmlns=\"http:\/\/www.w3.org\/2000\/svg\" version=\"1.1\" viewbox=\"0 0 231.8 89.5\" fill=\"currentColor\" >\n  <polygon points=\"228.8 44.5 200.3 16 200.3 41.6 3 41.6 3 48 200.3 48 200.3 72.7 228.8 44.5\"\/>\n<\/svg><\/span>\n    <\/a><\/p> \n                <\/div>\n\n                                <div class=\"col-s1e6 pos-1 pos-sm-2\">\n\n                    <div class=\"fs-spacer-large\"><\/div>\n    <div class=\"fs-slider-container\">\n        <div class=\"fs-slider\">\n                        <div class=\"slider-item\">\n                \n\n<div class=\"fs-media fs-media-ratio-1-1 rounded-corners\">\n    <div class=\"fs-media-item\">\n        <div class=\"fs-media-item-inner\">\n            <img class=\"fs-image\" src=\"https:\/\/andaluciacircuit.com\/wp-content\/uploads\/2024\/11\/Home-Organise-your-event-768x581.webp\" srcset=\"https:\/\/andaluciacircuit.com\/wp-content\/uploads\/2024\/11\/Home-Organise-your-event-768x581.webp 768w, https:\/\/andaluciacircuit.com\/wp-content\/uploads\/2024\/11\/Home-Organise-your-event-512x387.webp 512w\"  width=\"768\" height=\"581\" alt=\"Accueil-Organiser votre \u00e9v\u00e9nement\" decoding=\"async\" loading=\"lazy\" >        <\/div>\n    <\/div>\n<\/div>\n\n            <\/div>\n                        <div class=\"slider-item\">\n                \n\n<div class=\"fs-media fs-media-ratio-1-1 rounded-corners\">\n    <div class=\"fs-media-item\">\n        <div class=\"fs-media-item-inner\">\n            <img class=\"fs-image\" src=\"https:\/\/andaluciacircuit.com\/wp-content\/uploads\/2024\/11\/01-andalucia-circuit-business-event-celebrate-768x696.webp\" srcset=\"https:\/\/andaluciacircuit.com\/wp-content\/uploads\/2024\/11\/01-andalucia-circuit-business-event-celebrate-768x696.webp 768w, https:\/\/andaluciacircuit.com\/wp-content\/uploads\/2024\/11\/01-andalucia-circuit-business-event-celebrate-512x464.webp 512w\"  width=\"768\" height=\"696\" alt=\"01-andalucia-circuit-entreprise-\u00e9v\u00e9nement-c\u00e9l\u00e9bration\" decoding=\"async\" loading=\"lazy\" >        <\/div>\n    <\/div>\n<\/div>\n\n            <\/div>\n                    <\/div>\n\n        <div class=\"pseudo-pagination pseudo-pagination-slider\">\n            <a class=\"btn only-icon pseudo-prev is-disabled\" href=\"#\" target=\"_self\">\n                <span class=\"btn-icon on-hover\"><?xml version=\"1.0\" encoding=\"UTF-8\"?>\n<svg xmlns=\"http:\/\/www.w3.org\/2000\/svg\" version=\"1.1\" viewbox=\"0 0 256 256\" fill=\"currentColor\" >\n  <polygon points=\"254.4 128.3 190.6 64.5 190.6 121.8 1.6 121.8 1.6 136.2 190.6 136.2 190.6 191.5 254.4 128.3\"\/>\n<\/svg><\/span>\n                <span class=\"btn-icon\"><?xml version=\"1.0\" encoding=\"UTF-8\"?>\n<svg xmlns=\"http:\/\/www.w3.org\/2000\/svg\" version=\"1.1\" viewbox=\"0 0 256 256\" fill=\"currentColor\" >\n  <polygon points=\"254.4 128.3 190.6 64.5 190.6 121.8 1.6 121.8 1.6 136.2 190.6 136.2 190.6 191.5 254.4 128.3\"\/>\n<\/svg><\/span>\n            <\/a>\n            <a class=\"btn only-icon pseudo-next\" href=\"#\" target=\"_self\">\n                <span class=\"btn-icon on-hover\"><?xml version=\"1.0\" encoding=\"UTF-8\"?>\n<svg xmlns=\"http:\/\/www.w3.org\/2000\/svg\" version=\"1.1\" viewbox=\"0 0 256 256\" fill=\"currentColor\" >\n  <polygon points=\"254.4 128.3 190.6 64.5 190.6 121.8 1.6 121.8 1.6 136.2 190.6 136.2 190.6 191.5 254.4 128.3\"\/>\n<\/svg><\/span>\n                <span class=\"btn-icon\"><?xml version=\"1.0\" encoding=\"UTF-8\"?>\n<svg xmlns=\"http:\/\/www.w3.org\/2000\/svg\" version=\"1.1\" viewbox=\"0 0 256 256\" fill=\"currentColor\" >\n  <polygon points=\"254.4 128.3 190.6 64.5 190.6 121.8 1.6 121.8 1.6 136.2 190.6 136.2 190.6 191.5 254.4 128.3\"\/>\n<\/svg><\/span>\n            <\/a>\n        <\/div>\n\n    <\/div>\n\n \n                                    <\/div>\n                                \n            <\/div>\n\n        <\/div>\n\n    <\/div>\n\n    \n<div class=\"fs-bg fs-bg-color\">\n    <div class=\"fs-bg-el fs-bg-el-white\">\n            <\/div>\n        <\/div>\n\n    \n    \n<div class=\"fs-bg-flag fs-bg-flag-top-right\">    \n    <img src=\"https:\/\/andaluciacircuit.com\/wp-content\/themes\/fstheme\/assets\/img\/flag.png\" decoding=\"async\" loading=\"lazy\">\n<\/div>\n\n<\/section>\n\n\n\n\n\n\n\n\n\n<section class=\"text-media-section section no-bottom-spacing\">\n\n    <div class=\"section-inner\">\n\n        <div class=\"wrapper\">\n\n            <div class=\"grid-row\">\n\n                <div class=\"col-s2e11 do-anim\">                    \n                    \n    <h2 class=\"h2 align-left translation-block\">VOTRE \u00c9V\u00c8NEMENT\nSUR L\u2019ANDALUCIA CIRCUIT<\/h2>\n<p class=\"p-btn align-left\">\n<a class=\"btn  btn-simple\" href=\"https:\/\/andaluciacircuit.com\/fr\/contact\/\" target=\"\" >\n        <span class=\"btn-icon on-hover\"><?xml version=\"1.0\" encoding=\"UTF-8\"?>\n<svg xmlns=\"http:\/\/www.w3.org\/2000\/svg\" version=\"1.1\" viewbox=\"0 0 231.8 89.5\" fill=\"currentColor\" >\n  <polygon points=\"228.8 44.5 200.3 16 200.3 41.6 3 41.6 3 48 200.3 48 200.3 72.7 228.8 44.5\"\/>\n<\/svg><\/span>\n        <span class=\"btn-text\">\n        <span>Contactez nous<\/span>\n    <\/span>\n        <span class=\"btn-icon\"><?xml version=\"1.0\" encoding=\"UTF-8\"?>\n<svg xmlns=\"http:\/\/www.w3.org\/2000\/svg\" version=\"1.1\" viewbox=\"0 0 231.8 89.5\" fill=\"currentColor\" >\n  <polygon points=\"228.8 44.5 200.3 16 200.3 41.6 3 41.6 3 48 200.3 48 200.3 72.7 228.8 44.5\"\/>\n<\/svg><\/span>\n    <\/a><\/p><div class=\"fs-grid fs-grid-justify-center grid-infoboxes grid-infoboxes-medium fs-grid-col-2 fs-grid-boxed\">\n        <div class=\"grid-item infobox-item align-center\">\n                        <div class=\"infobox-title h5 colored\">Lancement de produit<\/div>        <p class=\"infobox-text colored\">Attirez l\u2019attention et d\u00e9marquez-vous en invitant\nvos clients sur un site exceptionnel dans un\nenvironnement \u00e9poustouflant.<\/p>            <\/div>\n        <div class=\"grid-item infobox-item align-center\">\n                        <div class=\"infobox-title h5 colored\">Team Building<\/div>        <p class=\"infobox-text colored\">Un environnement dynamique et du soleil\u00a0:\nl\u2019endroit id\u00e9al pour le team building ou\npour inviter des partenaires.<\/p>            <\/div>\n        <div class=\"grid-item infobox-item align-center\">\n                        <div class=\"infobox-title h5 colored\">S\u00e9minaires<\/div>        <p class=\"infobox-text colored\">Organisez vos s\u00e9minaires dans un endroit exclusif et dynamique<\/p>            <\/div>\n        <div class=\"grid-item infobox-item align-center\">\n                        <div class=\"infobox-title h5 colored\">\u00c9v\u00e9nements priv\u00e9s<\/div>        <p class=\"infobox-text colored\">Quoi de mieux qu\u2019une f\u00eate d\u2019anniversaire\nsur un circuit automobile\u00a0?<\/p>            <\/div>\n    <\/div>\n\n<div class=\"fs-spacer-large\"><\/div> \n                <\/div>\n\n                                \n            <\/div>\n\n        <\/div>\n\n    <\/div>\n\n    \n    \n<div class=\"fs-text-bg width-full position-bottom-offset align-left\">\n    <div class=\"fs-text-bg-el\">\n        <div class=\"fs-text-bg-el-text char-lettering do-anim\">Andalucia <br \/>\r\nCircuit<\/div>    <\/div>\n<\/div>\n\n    \n<\/section>\n\n\n\n\n\n\n\n\n\n<section class=\"parallax-section section\">\n\n    <div class=\"section-inner\">\n    <\/div>\n\n    \n<div class=\"fs-bg\">\n    <div class=\"fs-bg-el phat-parallax\">\n        <img class=\"fs-image\" src=\"https:\/\/andaluciacircuit.com\/wp-content\/uploads\/2024\/10\/02-andalucia-circuit-track.webp\" srcset=\"https:\/\/andaluciacircuit.com\/wp-content\/uploads\/2024\/10\/02-andalucia-circuit-track.webp 1680w, https:\/\/andaluciacircuit.com\/wp-content\/uploads\/2024\/10\/02-andalucia-circuit-track.webp 1440w, https:\/\/andaluciacircuit.com\/wp-content\/uploads\/2024\/10\/02-andalucia-circuit-track-1024x774.webp 1024w, https:\/\/andaluciacircuit.com\/wp-content\/uploads\/2024\/10\/02-andalucia-circuit-track-768x581.webp 768w, https:\/\/andaluciacircuit.com\/wp-content\/uploads\/2024\/10\/02-andalucia-circuit-track-512x387.webp 512w\"  width=\"1226\" height=\"927\" alt=\"02-andalucia-circuit-track\" decoding=\"async\" loading=\"lazy\" >    <\/div>\n    <div class=\"fs-bg-gradient fs-bg-gradient-top\"><\/div>    <\/div>\n\n<\/section>","protected":false},"excerpt":{"rendered":"","protected":false},"author":1,"featured_media":0,"parent":0,"menu_order":0,"comment_status":"closed","ping_status":"closed","template":"","meta":{"footnotes":""},"class_list":["post-198","page","type-page","status-publish","hentry"],"acf":[],"_links":{"self":[{"href":"https:\/\/andaluciacircuit.com\/fr\/wp-json\/wp\/v2\/pages\/198","targetHints":{"allow":["GET"]}}],"collection":[{"href":"https:\/\/andaluciacircuit.com\/fr\/wp-json\/wp\/v2\/pages"}],"about":[{"href":"https:\/\/andaluciacircuit.com\/fr\/wp-json\/wp\/v2\/types\/page"}],"author":[{"embeddable":true,"href":"https:\/\/andaluciacircuit.com\/fr\/wp-json\/wp\/v2\/users\/1"}],"replies":[{"embeddable":true,"href":"https:\/\/andaluciacircuit.com\/fr\/wp-json\/wp\/v2\/comments?post=198"}],"version-history":[{"count":38,"href":"https:\/\/andaluciacircuit.com\/fr\/wp-json\/wp\/v2\/pages\/198\/revisions"}],"predecessor-version":[{"id":851,"href":"https:\/\/andaluciacircuit.com\/fr\/wp-json\/wp\/v2\/pages\/198\/revisions\/851"}],"wp:attachment":[{"href":"https:\/\/andaluciacircuit.com\/fr\/wp-json\/wp\/v2\/media?parent=198"}],"curies":[{"name":"wp","href":"https:\/\/api.w.org\/{rel}","templated":true}]}}