{"id":3,"date":"2024-10-24T11:19:41","date_gmt":"2024-10-24T11:19:41","guid":{"rendered":"https:\/\/www.andaluciacircuit.com\/?page_id=3"},"modified":"2024-12-03T10:59:40","modified_gmt":"2024-12-03T10:59:40","slug":"privacy-policy","status":"publish","type":"page","link":"https:\/\/andaluciacircuit.com\/fr\/protection-des-donnees\/","title":{"rendered":"Politique de confidentialit\u00e9"},"content":{"rendered":"<section class=\"hero-section section\">\n\n    <div class=\"section-inner page-title\">\n\n        <div class=\"wrapper do-anim\">\n\n        <div class=\"inner-wrapper- inner-wrapper-\">                                \n    <h2 class=\"h2 align-center\">\n                    Politique de confidentialit\u00e9            <\/h2>\n                <\/div>\n            \n        <\/div>\n\n    <\/div>\n\n    \n    \n<\/section>\n\n\n\n\n<section class=\"text-media-section section\">\n\n    <div class=\"section-inner\">\n\n        <div class=\"wrapper\">\n\n            <div class=\"grid-row\">\n\n                <div class=\"col-s1e12\">                    \n                    <h5>Collecte et stockage des donn\u00e9es \u00e0 caract\u00e8re personnel<\/h5>\n<p>Lorsque vous visitez notre site web, nous ne recueillons que les donn\u00e9es personnelles que votre navigateur transmet \u00e0 notre serveur. Ces donn\u00e9es sont les suivantes<\/p>\n<ul>\n<li>Adresse IP<\/li>\n<li>Date et heure de la demande<\/li>\n<li>Contenu de la demande (page sp\u00e9cifique)<\/li>\n<li>Statut d'acc\u00e8s\/code d'\u00e9tat HTTP<\/li>\n<li>Type et version du navigateur<\/li>\n<li>Syst\u00e8me d'exploitation<\/li>\n<li>URL de r\u00e9f\u00e9rence (la page visit\u00e9e pr\u00e9c\u00e9demment)<\/li>\n<li>Nom d'h\u00f4te de l'ordinateur d'acc\u00e8s<\/li>\n<\/ul>\n<p>Ces donn\u00e9es sont techniquement n\u00e9cessaires pour vous pr\u00e9senter notre site web et pour en assurer la stabilit\u00e9 et la s\u00e9curit\u00e9.<\/p>\n<h5><strong>Cookies<\/strong><\/h5>\n<p>Notre site web utilise des cookies. Il s'agit de petits fichiers texte qui sont stock\u00e9s sur votre terminal. Certains cookies sont n\u00e9cessaires pour assurer la fonctionnalit\u00e9 du site web, d'autres sont utilis\u00e9s pour analyser le comportement des utilisateurs.<\/p>\n<p>Vous pouvez \u00e0 tout moment emp\u00eacher l'installation de cookies dans les param\u00e8tres de votre navigateur ou supprimer les cookies d\u00e9j\u00e0 enregistr\u00e9s. Toutefois, cela peut avoir pour cons\u00e9quence de restreindre ou de rendre indisponibles certaines fonctions du site web.<\/p>\n<h5>Finalit\u00e9 du traitement des donn\u00e9es<\/h5>\n<p>Nous traitons vos donn\u00e9es afin de :<\/p>\n<ul>\n<li>assurer le bon fonctionnement du site web<\/li>\n<li>am\u00e9liorer la convivialit\u00e9 de notre site web<\/li>\n<li>reconna\u00eetre les \u00e9ventuels dysfonctionnements et y rem\u00e9dier.<\/li>\n<\/ul>\n<h5>Transfert de donn\u00e9es<\/h5>\n<p>Nous ne transmettons vos donn\u00e9es personnelles \u00e0 des tiers que dans les cas suivants :<\/p>\n<ul>\n<li>Vous avez donn\u00e9 votre consentement expr\u00e8s \u00e0 cette ,<\/li>\n<li>cela est l\u00e9galement autoris\u00e9 et n\u00e9cessaire (par exemple, pour remplir des obligations contractuelles)<\/li>\n<li>nous sommes l\u00e9galement oblig\u00e9s de le faire.<\/li>\n<\/ul>\n<h5>Droits des personnes concern\u00e9es<\/h5>\n<p>Vous avez le droit de :<\/p>\n<ul>\n<li>de demander des informations sur les donn\u00e9es personnelles que nous traitons,<\/li>\n<li>d'exiger la correction imm\u00e9diate des donn\u00e9es personnelles incorrectes ou incompl\u00e8tes que nous avons enregistr\u00e9es<\/li>\n<li>demander l'effacement de vos donn\u00e9es personnelles stock\u00e9es par nous<\/li>\n<li>de demander la limitation du traitement de vos donn\u00e9es personnelles,<\/li>\n<li>de recevoir vos donn\u00e9es \u00e0 caract\u00e8re personnel dans un format structur\u00e9, couramment utilis\u00e9 et lisible par machine, ou de demander qu'elles soient transmises \u00e0 un autre responsable du traitement<\/li>\n<li>de s'opposer au traitement.<\/li>\n<\/ul>\n<p>Pour exercer vos droits, veuillez nous contacter \u00e0 l'adresse ci-dessus.<\/p>\n<h5>S\u00e9curit\u00e9 des donn\u00e9es<\/h5>\n<p>Nous utilisons des mesures techniques et organisationnelles pour prot\u00e9ger vos donn\u00e9es contre la manipulation, la perte ou l'acc\u00e8s non autoris\u00e9. Ces mesures sont r\u00e9guli\u00e8rement r\u00e9examin\u00e9es et adapt\u00e9es en fonction de l'\u00e9volution technologique.<\/p>\n<h5>Modifications de la politique de confidentialit\u00e9<\/h5>\n<p>Nous nous r\u00e9servons le droit de modifier la pr\u00e9sente politique de confidentialit\u00e9 afin de toujours respecter les exigences l\u00e9gales en vigueur ou de mettre en \u0153uvre des changements dans nos services.<\/p>\n \n                <\/div>\n\n                                \n            <\/div>\n\n        <\/div>\n\n    <\/div>\n\n    \n    \n    \n<\/section>","protected":false},"excerpt":{"rendered":"","protected":false},"author":1,"featured_media":0,"parent":0,"menu_order":0,"comment_status":"closed","ping_status":"open","template":"","meta":{"footnotes":""},"class_list":["post-3","page","type-page","status-publish","hentry"],"acf":[],"_links":{"self":[{"href":"https:\/\/andaluciacircuit.com\/fr\/wp-json\/wp\/v2\/pages\/3","targetHints":{"allow":["GET"]}}],"collection":[{"href":"https:\/\/andaluciacircuit.com\/fr\/wp-json\/wp\/v2\/pages"}],"about":[{"href":"https:\/\/andaluciacircuit.com\/fr\/wp-json\/wp\/v2\/types\/page"}],"author":[{"embeddable":true,"href":"https:\/\/andaluciacircuit.com\/fr\/wp-json\/wp\/v2\/users\/1"}],"replies":[{"embeddable":true,"href":"https:\/\/andaluciacircuit.com\/fr\/wp-json\/wp\/v2\/comments?post=3"}],"version-history":[{"count":8,"href":"https:\/\/andaluciacircuit.com\/fr\/wp-json\/wp\/v2\/pages\/3\/revisions"}],"predecessor-version":[{"id":930,"href":"https:\/\/andaluciacircuit.com\/fr\/wp-json\/wp\/v2\/pages\/3\/revisions\/930"}],"wp:attachment":[{"href":"https:\/\/andaluciacircuit.com\/fr\/wp-json\/wp\/v2\/media?parent=3"}],"curies":[{"name":"wp","href":"https:\/\/api.w.org\/{rel}","templated":true}]}}