{"id":333,"date":"2024-10-24T14:30:24","date_gmt":"2024-10-24T14:30:24","guid":{"rendered":"https:\/\/www.andaluciacircuit.com\/?page_id=333"},"modified":"2024-11-07T09:33:45","modified_gmt":"2024-11-07T09:33:45","slug":"hyracing-experience","status":"publish","type":"page","link":"https:\/\/andaluciacircuit.com\/fr\/hyracing-experience\/","title":{"rendered":"Hyracing Experience"},"content":{"rendered":"<section class=\"hero-section section section-height-auto\">\n\n    <div class=\"section-inner page-title\">\n\n        <div class=\"wrapper do-anim\">\n\n        <div class=\"inner-wrapper-medium inner-wrapper-center\">                \n    <span class=\"h6 superline align-center\">\n                    Piste            <\/span>\n                \n    <h1 class=\"h1 align-center\">\n                    Hyracing Trackdays            <\/h1>\n                <\/div>\n            \n        <\/div>\n\n    <\/div>\n\n    \n<div class=\"fs-bg\">\n    <div class=\"fs-bg-el phat-parallax has-overlay overlay-full\">\n        <img class=\"fs-image\" src=\"https:\/\/andaluciacircuit.com\/wp-content\/uploads\/2024\/10\/header-hyracing-trackdays-andalucia-circuit-racing.webp\" srcset=\"https:\/\/andaluciacircuit.com\/wp-content\/uploads\/2024\/10\/header-hyracing-trackdays-andalucia-circuit-racing.webp 1680w, https:\/\/andaluciacircuit.com\/wp-content\/uploads\/2024\/10\/header-hyracing-trackdays-andalucia-circuit-racing-1440x961.webp 1440w, https:\/\/andaluciacircuit.com\/wp-content\/uploads\/2024\/10\/header-hyracing-trackdays-andalucia-circuit-racing-1024x683.webp 1024w, https:\/\/andaluciacircuit.com\/wp-content\/uploads\/2024\/10\/header-hyracing-trackdays-andalucia-circuit-racing-768x512.webp 768w, https:\/\/andaluciacircuit.com\/wp-content\/uploads\/2024\/10\/header-hyracing-trackdays-andalucia-circuit-racing-512x342.webp 512w\"  width=\"1920\" height=\"1281\" alt=\"_header-hyracing-trackdays-andalucia-circuit-racing\" decoding=\"async\" loading=\"lazy\" >    <\/div>\n        <\/div>\n\n    \n<\/section>\n\n\n\n\n<section class=\"text-media-section section exlusive-section text-dark\">\n\n    <div class=\"section-inner\">\n\n        <div class=\"wrapper\">\n\n            <div class=\"grid-row justify-bottom\">\n\n                <div class=\"col-s7e12 pos-2 pos-sm-1 do-anim\">                    \n                    \n    <h2 class=\"h3 align-left\">\n                    DES TRACKDAYS EXCLUSIFS\nAVEC DES VOITURES L\u00c9GENDAIRES\nPOUR VOUS ET VOTRE ESPRIT DE COMP\u00c9TITION            <\/h2>\n<p>Une journ\u00e9e sur un circuit priv\u00e9 avec des coachs professionnels, une progression de votre pilotage mesur\u00e9e avec nos outils d'acquisition et d'analyse de donn\u00e9es. Un atmosph\u00e8re chaleureuse et ensoleill\u00e9e.<\/p>\n<p><strong>Louez l\u2019une de nos l\u00e9gendes avec un coach\nou apportez votre propre voiture de course\u00a0!<\/strong><\/p>\n<p class=\"p-btn align-left\">\n<a class=\"btn  btn-normal\" href=\"https:\/\/hyracing.com\/hyracing-concept\/\" target=\"_blank\" >\n        <span class=\"btn-icon on-hover\"><?xml version=\"1.0\" encoding=\"UTF-8\"?>\n<svg xmlns=\"http:\/\/www.w3.org\/2000\/svg\" version=\"1.1\" viewbox=\"0 0 231.8 89.5\" fill=\"currentColor\" >\n  <polygon points=\"228.8 44.5 200.3 16 200.3 41.6 3 41.6 3 48 200.3 48 200.3 72.7 228.8 44.5\"\/>\n<\/svg><\/span>\n        <span class=\"btn-text\">\n        <span>En savoir plus<\/span>\n    <\/span>\n        <span class=\"btn-icon\"><?xml version=\"1.0\" encoding=\"UTF-8\"?>\n<svg xmlns=\"http:\/\/www.w3.org\/2000\/svg\" version=\"1.1\" viewbox=\"0 0 231.8 89.5\" fill=\"currentColor\" >\n  <polygon points=\"228.8 44.5 200.3 16 200.3 41.6 3 41.6 3 48 200.3 48 200.3 72.7 228.8 44.5\"\/>\n<\/svg><\/span>\n    <\/a><\/p> \n                <\/div>\n\n                                <div class=\"col-s1e6 pos-1 pos-sm-2\">\n\n                    \n\n<div class=\"fs-media fs-media-ratio-auto rounded-corners\">\n    <div class=\"fs-media-item\">\n        <div class=\"fs-media-item-inner\">\n            <img class=\"fs-image\" src=\"https:\/\/andaluciacircuit.com\/wp-content\/uploads\/2024\/10\/01-andalucia-circuit-trackdays-racing-1024x460.png\" srcset=\"https:\/\/andaluciacircuit.com\/wp-content\/uploads\/2024\/10\/01-andalucia-circuit-trackdays-racing-1024x460.png 1024w, https:\/\/andaluciacircuit.com\/wp-content\/uploads\/2024\/10\/01-andalucia-circuit-trackdays-racing-768x345.png 768w, https:\/\/andaluciacircuit.com\/wp-content\/uploads\/2024\/10\/01-andalucia-circuit-trackdays-racing-512x230.png 512w\"  width=\"1024\" height=\"460\" alt=\"01-andalucia-circuit-trackdays-racing\" decoding=\"async\" loading=\"lazy\" >        <\/div>\n    <\/div>\n<\/div>\n\n \n                                    <\/div>\n                                \n            <\/div>\n\n        <\/div>\n\n    <\/div>\n\n    \n<div class=\"fs-bg fs-bg-color\">\n    <div class=\"fs-bg-el fs-bg-el-white\">\n            <\/div>\n        <\/div>\n\n    \n<div class=\"fs-text-bg width-full position-top align-left\">\n    <div class=\"fs-text-bg-el\">\n        <div class=\"fs-text-bg-el-text char-lettering do-anim translation-block\">Race the<br>\nLegend<\/div>    <\/div>\n<\/div>\n\n    \n<div class=\"fs-bg-flag fs-bg-flag-top-right\">    \n    <img src=\"https:\/\/andaluciacircuit.com\/wp-content\/themes\/fstheme\/assets\/img\/flag.png\" decoding=\"async\" loading=\"lazy\">\n<\/div>\n\n<\/section>\n\n\n\n\n\n\n\n\n\n<section class=\"text-media-section section\">\n\n    <div class=\"section-inner\">\n\n        <div class=\"wrapper\">\n\n            <div class=\"grid-row\">\n\n                <div class=\"col-s7e12 pos-2 pos-sm-1\">                    \n                    \n    <span class=\"h6 superline align-left\">\n                    Trackdays            <\/span>\n\n    <h2 class=\"h2 align-left\">\n                    EXEMPLE DE JOURN\u00c9E            <\/h2>\n<div class=\"fs-grid fs-grid-col-2 fs-grid-sm-col-2\"><div class=\"grid-item\"><p><strong>09:00<\/strong><br \/>\nRencontrez votre coach<\/p>\n<p><strong>09:30<\/strong><br \/>\nOpen pitlane #1<\/p>\n<p><strong>13:00<\/strong><br \/>\nD\u00e9jeuner<\/p>\n<\/div><div class=\"grid-item\"><p><strong>14:00<\/strong><br \/>\nOpen pitlane #1<\/p>\n<p><strong>18:00<\/strong><br \/>\nBoissons @ Circuit<\/p>\n<p><strong>20:30<\/strong><br \/>\nD\u00eener<\/p>\n<\/div><\/div><p class=\"p-btn align-left\">\n<a class=\"btn  btn-simple\" href=\"https:\/\/andaluciacircuit.com\/fr\/contact\/\" target=\"\" >\n        <span class=\"btn-icon on-hover\"><?xml version=\"1.0\" encoding=\"UTF-8\"?>\n<svg xmlns=\"http:\/\/www.w3.org\/2000\/svg\" version=\"1.1\" viewbox=\"0 0 231.8 89.5\" fill=\"currentColor\" >\n  <polygon points=\"228.8 44.5 200.3 16 200.3 41.6 3 41.6 3 48 200.3 48 200.3 72.7 228.8 44.5\"\/>\n<\/svg><\/span>\n        <span class=\"btn-text\">\n        <span>Contactez nous<\/span>\n    <\/span>\n        <span class=\"btn-icon\"><?xml version=\"1.0\" encoding=\"UTF-8\"?>\n<svg xmlns=\"http:\/\/www.w3.org\/2000\/svg\" version=\"1.1\" viewbox=\"0 0 231.8 89.5\" fill=\"currentColor\" >\n  <polygon points=\"228.8 44.5 200.3 16 200.3 41.6 3 41.6 3 48 200.3 48 200.3 72.7 228.8 44.5\"\/>\n<\/svg><\/span>\n    <\/a><\/p> \n                <\/div>\n\n                                <div class=\"col-s1e6 pos-1 pos-sm-2\">\n\n                    \n    <div class=\"fs-slider-container\">\n        <div class=\"fs-slider\">\n                        <div class=\"slider-item\">\n                \n\n<div class=\"fs-media fs-media-ratio-1-1 rounded-corners\">\n    <div class=\"fs-media-item\">\n        <div class=\"fs-media-item-inner\">\n            <img class=\"fs-image\" src=\"https:\/\/andaluciacircuit.com\/wp-content\/uploads\/2024\/10\/02-andalucia-circuit-trackdays-racing-768x512.webp\" srcset=\"https:\/\/andaluciacircuit.com\/wp-content\/uploads\/2024\/10\/02-andalucia-circuit-trackdays-racing-768x512.webp 768w, https:\/\/andaluciacircuit.com\/wp-content\/uploads\/2024\/10\/02-andalucia-circuit-trackdays-racing-512x341.webp 512w\"  width=\"768\" height=\"512\" alt=\"02-andalucia-circuit-trackdays-racing\" decoding=\"async\" loading=\"lazy\" >        <\/div>\n    <\/div>\n<\/div>\n\n            <\/div>\n                        <div class=\"slider-item\">\n                \n\n<div class=\"fs-media fs-media-ratio-1-1 rounded-corners\">\n    <div class=\"fs-media-item\">\n        <div class=\"fs-media-item-inner\">\n            <img class=\"fs-image\" src=\"https:\/\/andaluciacircuit.com\/wp-content\/uploads\/2024\/11\/02-andalucia-circuit-trackdays-racing-768x513.webp\" srcset=\"https:\/\/andaluciacircuit.com\/wp-content\/uploads\/2024\/11\/02-andalucia-circuit-trackdays-racing-768x513.webp 768w, https:\/\/andaluciacircuit.com\/wp-content\/uploads\/2024\/11\/02-andalucia-circuit-trackdays-racing-512x342.webp 512w\"  width=\"768\" height=\"513\" alt=\"02-andalucia-circuit-trackdays-racing\" decoding=\"async\" loading=\"lazy\" >        <\/div>\n    <\/div>\n<\/div>\n\n            <\/div>\n                        <div class=\"slider-item\">\n                \n\n<div class=\"fs-media fs-media-ratio-1-1 rounded-corners\">\n    <div class=\"fs-media-item\">\n        <div class=\"fs-media-item-inner\">\n            <img class=\"fs-image\" src=\"https:\/\/andaluciacircuit.com\/wp-content\/uploads\/2024\/11\/03-andalucia-circuit-trackdays-racing-pilot-768x513.webp\" srcset=\"https:\/\/andaluciacircuit.com\/wp-content\/uploads\/2024\/11\/03-andalucia-circuit-trackdays-racing-pilot-768x513.webp 768w, https:\/\/andaluciacircuit.com\/wp-content\/uploads\/2024\/11\/03-andalucia-circuit-trackdays-racing-pilot-512x342.webp 512w\"  width=\"768\" height=\"513\" alt=\"03-andalucia-circuit-trackdays-racing-pilot\" decoding=\"async\" loading=\"lazy\" >        <\/div>\n    <\/div>\n<\/div>\n\n            <\/div>\n                    <\/div>\n\n        <div class=\"pseudo-pagination pseudo-pagination-slider\">\n            <a class=\"btn only-icon pseudo-prev is-disabled\" href=\"#\" target=\"_self\">\n                <span class=\"btn-icon on-hover\"><?xml version=\"1.0\" encoding=\"UTF-8\"?>\n<svg xmlns=\"http:\/\/www.w3.org\/2000\/svg\" version=\"1.1\" viewbox=\"0 0 256 256\" fill=\"currentColor\" >\n  <polygon points=\"254.4 128.3 190.6 64.5 190.6 121.8 1.6 121.8 1.6 136.2 190.6 136.2 190.6 191.5 254.4 128.3\"\/>\n<\/svg><\/span>\n                <span class=\"btn-icon\"><?xml version=\"1.0\" encoding=\"UTF-8\"?>\n<svg xmlns=\"http:\/\/www.w3.org\/2000\/svg\" version=\"1.1\" viewbox=\"0 0 256 256\" fill=\"currentColor\" >\n  <polygon points=\"254.4 128.3 190.6 64.5 190.6 121.8 1.6 121.8 1.6 136.2 190.6 136.2 190.6 191.5 254.4 128.3\"\/>\n<\/svg><\/span>\n            <\/a>\n            <a class=\"btn only-icon pseudo-next\" href=\"#\" target=\"_self\">\n                <span class=\"btn-icon on-hover\"><?xml version=\"1.0\" encoding=\"UTF-8\"?>\n<svg xmlns=\"http:\/\/www.w3.org\/2000\/svg\" version=\"1.1\" viewbox=\"0 0 256 256\" fill=\"currentColor\" >\n  <polygon points=\"254.4 128.3 190.6 64.5 190.6 121.8 1.6 121.8 1.6 136.2 190.6 136.2 190.6 191.5 254.4 128.3\"\/>\n<\/svg><\/span>\n                <span class=\"btn-icon\"><?xml version=\"1.0\" encoding=\"UTF-8\"?>\n<svg xmlns=\"http:\/\/www.w3.org\/2000\/svg\" version=\"1.1\" viewbox=\"0 0 256 256\" fill=\"currentColor\" >\n  <polygon points=\"254.4 128.3 190.6 64.5 190.6 121.8 1.6 121.8 1.6 136.2 190.6 136.2 190.6 191.5 254.4 128.3\"\/>\n<\/svg><\/span>\n            <\/a>\n        <\/div>\n\n    <\/div>\n\n \n                                    <\/div>\n                                \n            <\/div>\n\n        <\/div>\n\n    <\/div>\n\n    \n    \n    \n<\/section>\n\n\n\n\n\n\n\n\n\n<section class=\"timer-section section section-height-auto\">\n\n    <div class=\"section-inner\">\n\n        <div class=\"wrapper\">\n\n            <div class=\"grid-row\">\n                <div class=\"col-s1e3 align-right\">\n                    \n                \n    <span class=\"h6 superline\">\n                    Prochain \u00e9v\u00e9nement            <\/span>\n                \n                <p class=\"p-btn\">\n<a class=\"btn  btn-simple\" href=\"https:\/\/hyracing.com\/calendar\/\" target=\"_blank\" >\n        <span class=\"btn-icon on-hover\"><?xml version=\"1.0\" encoding=\"UTF-8\"?>\n<svg xmlns=\"http:\/\/www.w3.org\/2000\/svg\" version=\"1.1\" viewbox=\"0 0 231.8 89.5\" fill=\"currentColor\" >\n  <polygon points=\"228.8 44.5 200.3 16 200.3 41.6 3 41.6 3 48 200.3 48 200.3 72.7 228.8 44.5\"\/>\n<\/svg><\/span>\n        <span class=\"btn-text\">\n        <span>tous les \u00e9v\u00e9nements<\/span>\n    <\/span>\n        <span class=\"btn-icon\"><?xml version=\"1.0\" encoding=\"UTF-8\"?>\n<svg xmlns=\"http:\/\/www.w3.org\/2000\/svg\" version=\"1.1\" viewbox=\"0 0 231.8 89.5\" fill=\"currentColor\" >\n  <polygon points=\"228.8 44.5 200.3 16 200.3 41.6 3 41.6 3 48 200.3 48 200.3 72.7 228.8 44.5\"\/>\n<\/svg><\/span>\n    <\/a><\/p>                <\/div>\n\n                <div class=\"col-s4e12\">\n                    Aucun \u00e9v\u00e9nement n'est pr\u00e9vu.                <\/div>\n\n            <\/div>\n        <\/div>\n    <\/div>\n\n    \n<div class=\"fs-bg\">\n    <div class=\"fs-bg-el phat-parallax has-overlay overlay-full\">\n        <img class=\"fs-image\" src=\"https:\/\/andaluciacircuit.com\/wp-content\/uploads\/2024\/10\/03-andalucia-circuit-trackdays-racing.webp\" srcset=\"https:\/\/andaluciacircuit.com\/wp-content\/uploads\/2024\/10\/03-andalucia-circuit-trackdays-racing.webp 1680w, https:\/\/andaluciacircuit.com\/wp-content\/uploads\/2024\/10\/03-andalucia-circuit-trackdays-racing-1440x960.webp 1440w, https:\/\/andaluciacircuit.com\/wp-content\/uploads\/2024\/10\/03-andalucia-circuit-trackdays-racing-1024x683.webp 1024w, https:\/\/andaluciacircuit.com\/wp-content\/uploads\/2024\/10\/03-andalucia-circuit-trackdays-racing-768x512.webp 768w, https:\/\/andaluciacircuit.com\/wp-content\/uploads\/2024\/10\/03-andalucia-circuit-trackdays-racing-512x341.webp 512w\"  width=\"1920\" height=\"1280\" alt=\"03-andalucia-circuit-trackdays-racing\" decoding=\"async\" loading=\"lazy\" >    <\/div>\n    <div class=\"fs-bg-gradient fs-bg-gradient-top\"><\/div>    <\/div>\n\n    \n    \n<\/section>","protected":false},"excerpt":{"rendered":"","protected":false},"author":1,"featured_media":0,"parent":0,"menu_order":0,"comment_status":"closed","ping_status":"closed","template":"","meta":{"footnotes":""},"class_list":["post-333","page","type-page","status-publish","hentry"],"acf":[],"_links":{"self":[{"href":"https:\/\/andaluciacircuit.com\/fr\/wp-json\/wp\/v2\/pages\/333","targetHints":{"allow":["GET"]}}],"collection":[{"href":"https:\/\/andaluciacircuit.com\/fr\/wp-json\/wp\/v2\/pages"}],"about":[{"href":"https:\/\/andaluciacircuit.com\/fr\/wp-json\/wp\/v2\/types\/page"}],"author":[{"embeddable":true,"href":"https:\/\/andaluciacircuit.com\/fr\/wp-json\/wp\/v2\/users\/1"}],"replies":[{"embeddable":true,"href":"https:\/\/andaluciacircuit.com\/fr\/wp-json\/wp\/v2\/comments?post=333"}],"version-history":[{"count":28,"href":"https:\/\/andaluciacircuit.com\/fr\/wp-json\/wp\/v2\/pages\/333\/revisions"}],"predecessor-version":[{"id":819,"href":"https:\/\/andaluciacircuit.com\/fr\/wp-json\/wp\/v2\/pages\/333\/revisions\/819"}],"wp:attachment":[{"href":"https:\/\/andaluciacircuit.com\/fr\/wp-json\/wp\/v2\/media?parent=333"}],"curies":[{"name":"wp","href":"https:\/\/api.w.org\/{rel}","templated":true}]}}