{"id":933,"date":"2024-12-03T11:11:11","date_gmt":"2024-12-03T11:11:11","guid":{"rendered":"https:\/\/andaluciacircuit.com\/?page_id=933"},"modified":"2024-12-03T12:01:01","modified_gmt":"2024-12-03T12:01:01","slug":"legal-note","status":"publish","type":"page","link":"https:\/\/andaluciacircuit.com\/fr\/mentions-legales\/","title":{"rendered":"Note juridique"},"content":{"rendered":"<section class=\"hero-section section\">\n\n    <div class=\"section-inner page-title\">\n\n        <div class=\"wrapper do-anim\">\n\n        <div class=\"inner-wrapper- inner-wrapper-\">                                \n    <h1 class=\"h2 align-center\">\n                    Note juridique            <\/h1>\n                <\/div>\n            \n        <\/div>\n\n    <\/div>\n\n    \n    \n<\/section>\n\n\n\n\n<section class=\"text-media-section section\">\n\n    <div class=\"section-inner\">\n\n        <div class=\"wrapper\">\n\n            <div class=\"grid-row\">\n\n                <div class=\"col-s1e12\">                    \n                    <h5>Responsable des pages et du contenu de ce site web :<\/h5>\n<p>Olivier Muytjens<br \/>\nRue D'Aix 64<br \/>\n4850 Moresnet<\/p>\n<p>Courriel : olivier[a]andaluciacircuit.com<\/p>\n<h5 class=\"wp-block-heading\"><strong>H\u00e9bergement web \/ Centre de donn\u00e9es<\/strong><\/h5>\n<p><strong>Ionos<br \/>\n<\/strong><span class=\"BxUVEf ILfuVd\" lang=\"de\"><span class=\"hgKElc\">Elgendorfer Str. 57,<br \/>\n<\/span><\/span><span class=\"BxUVEf ILfuVd\" lang=\"de\"><span class=\"hgKElc\">56410 Montabaur<br \/>\n<\/span><\/span>Allemagne<\/p>\n<h5><strong>Droit d'auteur<\/strong><\/h5>\n<p>Tout le contenu de ce site web (donn\u00e9es, illustrations, images, graphiques, logos, descriptions de produits, etc.) est prot\u00e9g\u00e9 par le droit d'auteur. Tous les noms de soci\u00e9t\u00e9s et de marques ainsi que leurs marques d\u00e9pos\u00e9es sont la propri\u00e9t\u00e9 de leurs d\u00e9tenteurs et servent uniquement \u00e0 identifier et \u00e0 d\u00e9crire les produits.<\/p>\n<h5><strong>Clause de non-responsabilit\u00e9<\/strong><\/h5>\n<p>Toutes les informations contenues dans ce site web ont fait l'objet de recherches approfondies. N\u00e9anmoins, l'\u00e9diteur n'est pas responsable de l'exactitude des informations fournies. Malgr\u00e9 un contr\u00f4le minutieux du contenu, nous n'assumons aucune responsabilit\u00e9 pour le contenu des liens externes. Les exploitants des pages li\u00e9es sont seuls responsables de leur contenu. Si vous constatez des erreurs ou des informations erron\u00e9es sur ce site web, veuillez nous en informer par \u00e9crit.<\/p>\n \n                <\/div>\n\n                                \n            <\/div>\n\n        <\/div>\n\n    <\/div>\n\n    \n    \n    \n<\/section>","protected":false},"excerpt":{"rendered":"","protected":false},"author":1,"featured_media":0,"parent":0,"menu_order":0,"comment_status":"closed","ping_status":"closed","template":"","meta":{"footnotes":""},"class_list":["post-933","page","type-page","status-publish","hentry"],"acf":[],"_links":{"self":[{"href":"https:\/\/andaluciacircuit.com\/fr\/wp-json\/wp\/v2\/pages\/933","targetHints":{"allow":["GET"]}}],"collection":[{"href":"https:\/\/andaluciacircuit.com\/fr\/wp-json\/wp\/v2\/pages"}],"about":[{"href":"https:\/\/andaluciacircuit.com\/fr\/wp-json\/wp\/v2\/types\/page"}],"author":[{"embeddable":true,"href":"https:\/\/andaluciacircuit.com\/fr\/wp-json\/wp\/v2\/users\/1"}],"replies":[{"embeddable":true,"href":"https:\/\/andaluciacircuit.com\/fr\/wp-json\/wp\/v2\/comments?post=933"}],"version-history":[{"count":4,"href":"https:\/\/andaluciacircuit.com\/fr\/wp-json\/wp\/v2\/pages\/933\/revisions"}],"predecessor-version":[{"id":938,"href":"https:\/\/andaluciacircuit.com\/fr\/wp-json\/wp\/v2\/pages\/933\/revisions\/938"}],"wp:attachment":[{"href":"https:\/\/andaluciacircuit.com\/fr\/wp-json\/wp\/v2\/media?parent=933"}],"curies":[{"name":"wp","href":"https:\/\/api.w.org\/{rel}","templated":true}]}}